{"id":1181,"date":"2023-01-16T11:56:24","date_gmt":"2023-01-16T11:56:24","guid":{"rendered":"https:\/\/anima-care.fr\/?page_id=1181"},"modified":"2023-07-31T09:57:13","modified_gmt":"2023-07-31T07:57:13","slug":"devenir-partenaire","status":"publish","type":"page","link":"https:\/\/anima-care.fr\/veterinaire\/devenir-partenaire\/","title":{"rendered":"Devenir partenaire"},"content":{"rendered":"    <section class=\"\" title=\"\">\n        <div class=\"header--paralax\">\n            <div class=\"banner__container\">\n                <div class=\"banner__container--information\">\n                                                        <\/div>\n                <div class=\"d-none d-sm-block\">\n                    <svg width=\"1440\" height=\"540\" viewBox=\"0 0 1440 540\" fill=\"none\" xmlns=\"http:\/\/www.w3.org\/2000\/svg\"\n                         style=\"height: 100%; width: 100%;\">\n                        <path d=\"M1440 237.182V495.643C1419.98 484.699 1398.98 474.428 1376.89 464.99C1173.35 377.98 924.631 380.781 637.646 473.307C341.312 568.858 139.894 538.501 31.6642 522.222C20.4534 520.543 9.75398 519.117 0 518.017V0H1440V237.182Z\"\n                              fill=\"url(#breadcrumb)\"\/>\n                        <defs>\n                            <pattern id=\"breadcrumb\" patternUnits=\"userSpaceOnUse\" width=\"100%\" height=\"100%\">\n                                <image href=\"https:\/\/anima-care.fr\/app\/uploads\/sites\/2\/2023\/07\/DSC09404-1-scaled-1-1440x540-1.jpg\"\n                                       x=\"0\"\n                                       y=\"0\" width=\"100%\" height=\"100%\"\/>\n                            <\/pattern>\n                        <\/defs>\n                    <\/svg>\n                <\/div>\n                <div class=\"d-sm-none\">\n                    <svg width=\"320\" height=\"258\" viewBox=\"0 0 320 258\" fill=\"none\" xmlns=\"http:\/\/www.w3.org\/2000\/svg\"\n                         style=\"height: 100%; width: 100%;\">\n                        <defs>\n                            <pattern id=\"img1\" patternUnits=\"userSpaceOnUse\" width=\"100%\" height=\"100%\">\n                                <image href=\"https:\/\/anima-care.fr\/app\/uploads\/sites\/2\/2023\/07\/DSC09404-1-scaled-1-1440x540-1-640x516.jpg\"\n                                       x=\"0\" y=\"0\" width=\"100%\" height=\"100%\"\/>\n                            <\/pattern>\n                        <\/defs>\n                        <path d=\"M320 196.892V249.049C315.551 246.84 310.884 244.768 305.976 242.863C260.745 225.305 205.474 225.87 141.699 244.541C75.8471 263.823 31.0875 257.697 7.0365 254.412C4.54521 254.074 2.16755 253.786 0 253.564V0H320V196.892Z\"\n                              fill=\"url(#img1)\"\/>\n                    <\/svg>\n                <\/div>\n                <section class=\"breadcrumb__container breadcrumb__mobile\"><div class=\"breadcrumb\" aria-label=\"Breadcrumb\"><i class=\"fa-duotone fa-inverse fa-house-blank\"><\/i><\/ol><\/section>            <\/div>\n        <\/div>\n    <\/section> \n\n<section class=\"hide__mobile-header breadcrumb__container\"><div class=\"breadcrumb\" aria-label=\"Breadcrumb\"><i class=\"fa-duotone fa-inverse fa-house-blank\"><\/i><\/ol><\/section>\n\n\r\n        <section class='container__xs     '>\r\n            <div data-visible='' class='row row__container      gutter-x__ gutter-y__ js-row'>\r\n    <section class='title__subtitle-container' aria-label='Devenir partenaire'><h1 class='font-size__giga font-weight__bold font-alignment__center font-familly__urban font-color__primary margin-bottom__base  margin-bottom-xs__base ' style=''>Devenir partenaire<\/h1><div class='font-size__hecto font-weight__medium font-alignment__center font-familly__gotham font-color__ title__subtitle-subtitle description' style='line-height:22px;'><br>Devenir partenaire Anima Care, c\u2019est agir pour le respect des animaux m\u00eame apr\u00e8s la mort !<br><br>Anima Care s\u2019implique aux c\u00f4t\u00e9s des v\u00e9t\u00e9rinaires, praticiens ind\u00e9pendants ou groupes de cliniques. Le programme de partenariat permet d\u2019assurer la parfaite continuit\u00e9 entre la qualit\u00e9 des soins v\u00e9t\u00e9rinaires apport\u00e9s du vivant de l\u2019animal et la qualit\u00e9 des services fun\u00e9raires dispens\u00e9s \u00e0 son d\u00e9c\u00e8s.<\/div><\/section>\r\n            <\/div>\r\n        <\/section>\r\n    \n\n\n<div class=\"wp-block-funecap-sca-sca-button aligncenter\"><a href=\"https:\/\/anima-care.fr\/veterinaire\/contact\/\" class=\"rf-btn-primary\">Devenir partenaire<i class=\"fa-duotone fa-handshake-angle\"><\/i><\/a><\/div>\n\n\n\n<section class=\"separator--md  \"><\/section>\n\n\n\n<section data-tag=\"\" class=\"container container--white box--border border--shadow      \n        \n        \">\r\n        <section class='     '>\r\n            <div data-visible='' class='row row__container    justify-content__center  gutter-x__ gutter-y__ js-row'>\r\n    <div class='col col-md-12 col-xs-12  '>\r\n        <div class=''>\r\n            <img style='object-fit:cover;border-radius:10px;max-height:543px;display:block;margin:auto;max-width:946px;' src='https:\/\/anima-care.fr\/app\/uploads\/2023\/01\/patenaires.png' alt='' loading='lazy'\/>\r\n        <\/div>\r\n    <\/div>\r\n            <\/div>\r\n        <\/section>\r\n    \n\n<section class='title__subtitle-container' aria-label='Le programme de partenariat'><h2 class='font-size__mega font-weight__medium font-alignment__center font-familly__urban font-color__primary-medium margin-bottom__base  margin-bottom-xs__base title__subtitle-title' style=''>Le programme de partenariat<\/h2><\/section>\n\n\r\n        <section class='container     '>\r\n            <div data-visible='' class='row    justify-content__center  gutter-x__2 gutter-y__ js-row'>\r\n    <div class='col col-md-6 col-xs-12  '><div class='col col-md-12 col-xs-12  sca-content' ><div class='sca-content__content order-2' ><p class='font-size__base font-weight__regular font-alignment__inherit font-familly__gotham font-color__ margin-bottom__base   description__noSpace' style='line-height:22px;'>Les engagements Anima Care envers les v\u00e9t\u00e9rinaires :<\/p><\/div><\/div>\n<ul class=\"list__ul font-color__primary\" style=\"font-size:16px\">\n<li>Organiser la lev\u00e9e des corps sous 7 jours ouvr\u00e9s<\/li>\n\n\n\n<li>Fournir des housses fun\u00e9raires adapt\u00e9es aux corpulences des animaux<\/li>\n\n\n\n<li>Garantir des services de cr\u00e9mation de qualit\u00e9 et conformes \u00e0 la demande des familles<\/li>\n\n\n\n<li>D\u00e9livrer les informations pour la tra\u00e7abilit\u00e9 et la transparence des parcours fun\u00e9raires<\/li>\n<\/ul>\n<\/div><div class='col col-md-6 col-xs-12  '><div class='col col-md-12 col-xs-12  sca-content' ><div class='sca-content__content order-2' ><p class='font-size__base font-weight__regular font-alignment__inherit font-familly__gotham font-color__ margin-bottom__base   description__noSpace' style='line-height:22px;'>Les engagements des v\u00e9t\u00e9rinaires envers Anima Care :<\/p><\/div><\/div>\n<ul class=\"list__ul font-color__primary\">\n<li>Renseigner l\u2019exhaustivit\u00e9 des informations des demandes de cr\u00e9mation transmises<\/li>\n\n\n\n<li>Pr\u00e9parer et conserver les corps dans le respect de la dignit\u00e9 animale<\/li>\n\n\n\n<li>Disposer les animaux dans des housses fun\u00e9raires adapt\u00e9es \u00e0 leur corpulence<\/li>\n\n\n\n<li>Remettre les urnes fun\u00e9raires aux familles demandant la restitution des cendres en \u00e9tablissement v\u00e9t\u00e9rinaire<\/li>\n<\/ul>\n<\/div>\r\n            <\/div>\r\n        <\/section>\r\n    \n\n<section class='title__subtitle-container' aria-label='La d\u00e9marche Anima Care'><h2 class='font-size__mega font-weight__medium font-alignment__center font-familly__urban font-color__primary-medium margin-bottom__base  margin-bottom-xs__base title__subtitle-title' style=''>La d\u00e9marche Anima Care<\/h2><\/section>\n\n\r\n        <section class='     '>\r\n            <div data-visible='' class='row row__container    justify-content__center  gutter-x__ gutter-y__ js-row'>\r\n    <div class='col col-md-5 col-xs-12  sca-content' ><div class='sca-content__content order-2' ><p class='font-size__base font-weight__regular font-alignment__inherit font-familly__gotham font-color__ margin-bottom__base   description__noSpace' style='line-height:22px;'>Une des valeurs fortes d\u2019Anima Care est de cr\u00e9er une relation de confiance et de proximit\u00e9 entre les v\u00e9t\u00e9rinaires et les pompes fun\u00e8bres animali\u00e8res. Les \u00e9quipes promettent une disponibilit\u00e9 et une \u00e9coute constantes afin de r\u00e9pondre, dans les meilleurs d\u00e9lais, aux interrogations et demandes sp\u00e9cifiques des v\u00e9t\u00e9rinaires partenaires.<\/p><\/div><\/div><div class='col col-md-5 col-xs-12  sca-content' ><div class='sca-content__content order-2' ><p class='font-size__base font-weight__regular font-alignment__inherit font-familly__gotham font-color__ margin-bottom__base   description__noSpace' style='line-height:22px;'>Pour faciliter les interactions, l\u2019interface m\u00e9tier Pro Anima Care permet un suivi optimal du parcours fun\u00e9raire des animaux et une gestion simplifi\u00e9e des d\u00e9marches administratives et comptables. Par ailleurs, des housses fun\u00e9raires et du mat\u00e9riel d\u2019identification sont mis \u00e0 disposition des v\u00e9t\u00e9rinaires partenaires.<\/p><\/div><\/div>\r\n            <\/div>\r\n        <\/section>\r\n    <\/section>\n\n\n\n<section data-tag=\"\" class=\"container container--white box--border border--shadow  raz-pt    \n        \n        \"><section class='title__subtitle-container' aria-label='Les mod\u00e8les de partenariat Anima Care'><h2 class='font-size__mega font-weight__medium font-alignment__center font-familly__urban font-color__primary-medium margin-bottom__base  margin-bottom-xs__base title__subtitle-title' style=''>Les mod\u00e8les de partenariat Anima Care<\/h2><\/section>\n\n\r\n        <section class='     '>\r\n            <div data-visible='' class='row    justify-content__center  gutter-x__ gutter-y__ js-row'>\r\n    <div class='col col-md-10 col-xs-12  '>\r\n        <div class='card--image--v1'>\r\n            <img style='object-fit:cover;border-radius:10px;max-height:430px;display:block;margin:auto;max-width:750px;' src='https:\/\/anima-care.fr\/app\/uploads\/2023\/01\/offre.png' alt='' loading='lazy'\/>\r\n        <\/div>\r\n    <\/div>\r\n            <\/div>\r\n        <\/section>\r\n    \n\n\r\n        <section class='container__sm     '>\r\n            <div data-visible='' class='row row__container    justify-content__start  gutter-x__5 gutter-y__ js-row'>\r\n    <div class='col col-md-6 col-xs-12  sca-content' ><div class='sca-content__content order-2' ><h3 class='font-size__hecto font-weight__medium font-alignment__inherit font-familly__urban font-color__primary-medium margin-bottom__base  margin-bottom-xs__base  title' style=''>Le mod\u00e8le \u00ab v\u00e9t\u00e9rinaire \u00bb<\/h3><p class='font-size__base font-weight__regular font-alignment__inherit font-familly__gotham font-color__ margin-bottom__base   description__noSpace' style='line-height:22px;'>L\u2019\u00e9tablissement v\u00e9t\u00e9rinaire fait le lien entre les familles et Anima Care. Aussi, il facture les cr\u00e9mations des animaux directement aux familles, puis Anima Care facture les services \u00e0 l\u2019\u00e9tablissement v\u00e9t\u00e9rinaire.<br><br>De m\u00eame, l\u2019\u00e9tablissement v\u00e9t\u00e9rinaire facture tous les services (pr\u00e9paration, conservation et transport du corps, cr\u00e9mation animale et restitution de l\u2019urne fun\u00e9raire) directement \u00e0 la famille. Il r\u00e8gle mensuellement la somme due pour les prestations fun\u00e9raires propres \u00e0 Anima Care.<\/p><\/div><\/div><div class='col col-md-6 col-xs-12  sca-content' ><div class='sca-content__content order-2' ><h3 class='font-size__hecto font-weight__medium font-alignment__inherit font-familly__urban font-color__primary-medium margin-bottom__base  margin-bottom-xs__base  title' style=''>Le mod\u00e8le \u00ab famille \u00bb<\/h3><p class='font-size__base font-weight__regular font-alignment__inherit font-familly__gotham font-color__ margin-bottom__base   description__noSpace' style='line-height:22px;'>Anima Care est en contact direct avec les familles, qui r\u00e8glent les services fun\u00e9raires au cr\u00e9matorium animalier. Ce partenariat permet \u00e0 l\u2019\u00e9tablissement v\u00e9t\u00e9rinaire de ne facturer que les actes pratiqu\u00e9s.<br><br>La soci\u00e9t\u00e9 Anima Care facture aux familles tous les services fun\u00e9raires r\u00e9alis\u00e9s et reverse \u00e0 l\u2019\u00e9tablissement v\u00e9t\u00e9rinaire, chaque trimestre, le montant correspondant \u00e0 ses prestations : la pr\u00e9paration et conservation de l\u2019animal, mais aussi la remise des urnes fun\u00e9raires (pour les cr\u00e9mations individuelles).<\/p><\/div><\/div>\r\n            <\/div>\r\n        <\/section>\r\n    <\/section>\n\n\n\n<section class=\"separator--sm  \"><\/section>\n","protected":false},"excerpt":{"rendered":"","protected":false},"author":1,"featured_media":0,"parent":0,"menu_order":0,"comment_status":"closed","ping_status":"closed","template":"","meta":[],"acf":[],"yoast_head":"<!-- This site is optimized with the Yoast SEO plugin v20.12 - https:\/\/yoast.com\/wordpress\/plugins\/seo\/ -->\n<title>Devenir v\u00e9t\u00e9rinaire partenaire \u2013 Cr\u00e9mation animale \u2013 Anima Care<\/title>\n<meta name=\"description\" content=\"Un partenariat v\u00e9t\u00e9rinaire &amp; Anima Care, c\u2019est un service de cr\u00e9mation respectueux des animaux et des familles \u2705 Anima Care\" \/>\n<meta name=\"robots\" content=\"index, follow, max-snippet:-1, max-image-preview:large, max-video-preview:-1\" \/>\n<link rel=\"canonical\" href=\"https:\/\/anima-care.fr\/veterinaire\/devenir-partenaire\/\" \/>\n<meta property=\"og:locale\" content=\"fr_FR\" \/>\n<meta property=\"og:type\" content=\"article\" \/>\n<meta property=\"og:title\" content=\"Devenir v\u00e9t\u00e9rinaire partenaire \u2013 Cr\u00e9mation animale \u2013 Anima Care\" \/>\n<meta property=\"og:description\" content=\"Un partenariat v\u00e9t\u00e9rinaire &amp; Anima Care, c\u2019est un service de cr\u00e9mation respectueux des animaux et des familles \u2705 Anima Care\" \/>\n<meta property=\"og:url\" content=\"https:\/\/anima-care.fr\/veterinaire\/devenir-partenaire\/\" \/>\n<meta property=\"og:site_name\" content=\"Anima Care Pro\" \/>\n<meta property=\"article:modified_time\" content=\"2023-07-31T07:57:13+00:00\" \/>\n<meta name=\"twitter:card\" content=\"summary_large_image\" \/>\n<meta name=\"twitter:label1\" content=\"Dur\u00e9e de lecture estim\u00e9e\" \/>\n\t<meta name=\"twitter:data1\" content=\"1 minute\" \/>\n<script type=\"application\/ld+json\" class=\"yoast-schema-graph\">{\"@context\":\"https:\/\/schema.org\",\"@graph\":[{\"@type\":\"WebPage\",\"@id\":\"https:\/\/anima-care.fr\/veterinaire\/devenir-partenaire\/\",\"url\":\"https:\/\/anima-care.fr\/veterinaire\/devenir-partenaire\/\",\"name\":\"Devenir v\u00e9t\u00e9rinaire partenaire \u2013 Cr\u00e9mation animale \u2013 Anima Care\",\"isPartOf\":{\"@id\":\"https:\/\/anima-care.fr\/veterinaire\/#website\"},\"datePublished\":\"2023-01-16T11:56:24+00:00\",\"dateModified\":\"2023-07-31T07:57:13+00:00\",\"description\":\"Un partenariat v\u00e9t\u00e9rinaire & Anima Care, c\u2019est un service de cr\u00e9mation respectueux des animaux et des familles \u2705 Anima Care\",\"breadcrumb\":{\"@id\":\"https:\/\/anima-care.fr\/veterinaire\/devenir-partenaire\/#breadcrumb\"},\"inLanguage\":\"fr-FR\",\"potentialAction\":[{\"@type\":\"ReadAction\",\"target\":[\"https:\/\/anima-care.fr\/veterinaire\/devenir-partenaire\/\"]}]},{\"@type\":\"BreadcrumbList\",\"@id\":\"https:\/\/anima-care.fr\/veterinaire\/devenir-partenaire\/#breadcrumb\",\"itemListElement\":[{\"@type\":\"ListItem\",\"position\":1,\"name\":\"Home\",\"item\":\"https:\/\/anima-care.fr\/veterinaire\"},{\"@type\":\"ListItem\",\"position\":2,\"name\":\"Devenir partenaire\"}]},{\"@type\":\"WebSite\",\"@id\":\"https:\/\/anima-care.fr\/veterinaire\/#website\",\"url\":\"https:\/\/anima-care.fr\/veterinaire\/\",\"name\":\"Anima Care Pro\",\"description\":\"\",\"publisher\":{\"@id\":\"https:\/\/anima-care.fr\/veterinaire\/#organization\"},\"potentialAction\":[{\"@type\":\"SearchAction\",\"target\":{\"@type\":\"EntryPoint\",\"urlTemplate\":\"https:\/\/anima-care.fr\/veterinaire\/?s={search_term_string}\"},\"query-input\":\"required name=search_term_string\"}],\"inLanguage\":\"fr-FR\"},{\"@type\":\"Organization\",\"@id\":\"https:\/\/anima-care.fr\/veterinaire\/#organization\",\"name\":\"Anima Care Pro\",\"url\":\"https:\/\/anima-care.fr\/veterinaire\/\",\"logo\":{\"@type\":\"ImageObject\",\"inLanguage\":\"fr-FR\",\"@id\":\"https:\/\/anima-care.fr\/veterinaire\/#\/schema\/logo\/image\/\",\"url\":\"https:\/\/anima-care.fr\/app\/uploads\/sites\/2\/2023\/07\/logo-animacare.svg\",\"contentUrl\":\"https:\/\/anima-care.fr\/app\/uploads\/sites\/2\/2023\/07\/logo-animacare.svg\",\"width\":235,\"height\":99,\"caption\":\"Anima Care Pro\"},\"image\":{\"@id\":\"https:\/\/anima-care.fr\/veterinaire\/#\/schema\/logo\/image\/\"}}]}<\/script>\n<!-- \/ Yoast SEO plugin. -->","yoast_head_json":{"title":"Devenir v\u00e9t\u00e9rinaire partenaire \u2013 Cr\u00e9mation animale \u2013 Anima Care","description":"Un partenariat v\u00e9t\u00e9rinaire & Anima Care, c\u2019est un service de cr\u00e9mation respectueux des animaux et des familles \u2705 Anima Care","robots":{"index":"index","follow":"follow","max-snippet":"max-snippet:-1","max-image-preview":"max-image-preview:large","max-video-preview":"max-video-preview:-1"},"canonical":"https:\/\/anima-care.fr\/veterinaire\/devenir-partenaire\/","og_locale":"fr_FR","og_type":"article","og_title":"Devenir v\u00e9t\u00e9rinaire partenaire \u2013 Cr\u00e9mation animale \u2013 Anima Care","og_description":"Un partenariat v\u00e9t\u00e9rinaire & Anima Care, c\u2019est un service de cr\u00e9mation respectueux des animaux et des familles \u2705 Anima Care","og_url":"https:\/\/anima-care.fr\/veterinaire\/devenir-partenaire\/","og_site_name":"Anima Care Pro","article_modified_time":"2023-07-31T07:57:13+00:00","twitter_card":"summary_large_image","twitter_misc":{"Dur\u00e9e de lecture estim\u00e9e":"1 minute"},"schema":{"@context":"https:\/\/schema.org","@graph":[{"@type":"WebPage","@id":"https:\/\/anima-care.fr\/veterinaire\/devenir-partenaire\/","url":"https:\/\/anima-care.fr\/veterinaire\/devenir-partenaire\/","name":"Devenir v\u00e9t\u00e9rinaire partenaire \u2013 Cr\u00e9mation animale \u2013 Anima Care","isPartOf":{"@id":"https:\/\/anima-care.fr\/veterinaire\/#website"},"datePublished":"2023-01-16T11:56:24+00:00","dateModified":"2023-07-31T07:57:13+00:00","description":"Un partenariat v\u00e9t\u00e9rinaire & Anima Care, c\u2019est un service de cr\u00e9mation respectueux des animaux et des familles \u2705 Anima Care","breadcrumb":{"@id":"https:\/\/anima-care.fr\/veterinaire\/devenir-partenaire\/#breadcrumb"},"inLanguage":"fr-FR","potentialAction":[{"@type":"ReadAction","target":["https:\/\/anima-care.fr\/veterinaire\/devenir-partenaire\/"]}]},{"@type":"BreadcrumbList","@id":"https:\/\/anima-care.fr\/veterinaire\/devenir-partenaire\/#breadcrumb","itemListElement":[{"@type":"ListItem","position":1,"name":"Home","item":"https:\/\/anima-care.fr\/veterinaire"},{"@type":"ListItem","position":2,"name":"Devenir partenaire"}]},{"@type":"WebSite","@id":"https:\/\/anima-care.fr\/veterinaire\/#website","url":"https:\/\/anima-care.fr\/veterinaire\/","name":"Anima Care Pro","description":"","publisher":{"@id":"https:\/\/anima-care.fr\/veterinaire\/#organization"},"potentialAction":[{"@type":"SearchAction","target":{"@type":"EntryPoint","urlTemplate":"https:\/\/anima-care.fr\/veterinaire\/?s={search_term_string}"},"query-input":"required name=search_term_string"}],"inLanguage":"fr-FR"},{"@type":"Organization","@id":"https:\/\/anima-care.fr\/veterinaire\/#organization","name":"Anima Care Pro","url":"https:\/\/anima-care.fr\/veterinaire\/","logo":{"@type":"ImageObject","inLanguage":"fr-FR","@id":"https:\/\/anima-care.fr\/veterinaire\/#\/schema\/logo\/image\/","url":"https:\/\/anima-care.fr\/app\/uploads\/sites\/2\/2023\/07\/logo-animacare.svg","contentUrl":"https:\/\/anima-care.fr\/app\/uploads\/sites\/2\/2023\/07\/logo-animacare.svg","width":235,"height":99,"caption":"Anima Care Pro"},"image":{"@id":"https:\/\/anima-care.fr\/veterinaire\/#\/schema\/logo\/image\/"}}]}},"_links":{"self":[{"href":"https:\/\/anima-care.fr\/veterinaire\/wp-json\/wp\/v2\/pages\/1181"}],"collection":[{"href":"https:\/\/anima-care.fr\/veterinaire\/wp-json\/wp\/v2\/pages"}],"about":[{"href":"https:\/\/anima-care.fr\/veterinaire\/wp-json\/wp\/v2\/types\/page"}],"author":[{"embeddable":true,"href":"https:\/\/anima-care.fr\/veterinaire\/wp-json\/wp\/v2\/users\/1"}],"replies":[{"embeddable":true,"href":"https:\/\/anima-care.fr\/veterinaire\/wp-json\/wp\/v2\/comments?post=1181"}],"version-history":[{"count":4,"href":"https:\/\/anima-care.fr\/veterinaire\/wp-json\/wp\/v2\/pages\/1181\/revisions"}],"predecessor-version":[{"id":8062,"href":"https:\/\/anima-care.fr\/veterinaire\/wp-json\/wp\/v2\/pages\/1181\/revisions\/8062"}],"wp:attachment":[{"href":"https:\/\/anima-care.fr\/veterinaire\/wp-json\/wp\/v2\/media?parent=1181"}],"curies":[{"name":"wp","href":"https:\/\/api.w.org\/{rel}","templated":true}]}}