{"id":1221,"date":"2023-01-16T12:27:52","date_gmt":"2023-01-16T12:27:52","guid":{"rendered":"https:\/\/anima-care.fr\/?page_id=1221"},"modified":"2023-01-16T12:27:52","modified_gmt":"2023-01-16T12:27:52","slug":"tracabilite-du-parcours-funeraire","status":"publish","type":"page","link":"https:\/\/anima-care.fr\/veterinaire\/qui-sommes-nous\/tracabilite-du-parcours-funeraire\/","title":{"rendered":"Tra\u00e7abilit\u00e9 innovante"},"content":{"rendered":"    <section class=\"d-none d-sm-block\" title=\"\">\n        <div class=\"header--paralax\">\n            <div class=\"banner__container\">\n                <div class=\"banner__container--information\">\n                                                        <\/div>\n                <div class=\"d-none d-sm-block\">\n                    <svg width=\"1440\" height=\"540\" viewBox=\"0 0 1440 540\" fill=\"none\" xmlns=\"http:\/\/www.w3.org\/2000\/svg\"\n                         style=\"height: 100%; width: 100%;\">\n                        <path d=\"M1440 237.182V495.643C1419.98 484.699 1398.98 474.428 1376.89 464.99C1173.35 377.98 924.631 380.781 637.646 473.307C341.312 568.858 139.894 538.501 31.6642 522.222C20.4534 520.543 9.75398 519.117 0 518.017V0H1440V237.182Z\"\n                              fill=\"url(#breadcrumb)\"\/>\n                        <defs>\n                            <pattern id=\"breadcrumb\" patternUnits=\"userSpaceOnUse\" width=\"100%\" height=\"100%\">\n                                <image href=\"https:\/\/anima-care.fr\/app\/uploads\/sites\/2\/2023\/02\/qui_sommes_nous_tracabilite_header_v1-1-2-1440x540.jpg\"\n                                       x=\"0\"\n                                       y=\"0\" width=\"100%\" height=\"100%\"\/>\n                            <\/pattern>\n                        <\/defs>\n                    <\/svg>\n                <\/div>\n                <div class=\"d-sm-none\">\n                    <svg width=\"320\" height=\"258\" viewBox=\"0 0 320 258\" fill=\"none\" xmlns=\"http:\/\/www.w3.org\/2000\/svg\"\n                         style=\"height: 100%; width: 100%;\">\n                        <defs>\n                            <pattern id=\"img1\" patternUnits=\"userSpaceOnUse\" width=\"100%\" height=\"100%\">\n                                <image href=\"https:\/\/anima-care.fr\/app\/uploads\/sites\/2\/2023\/02\/qui_sommes_nous_tracabilite_header_v1-1-2-640x516.jpg\"\n                                       x=\"0\" y=\"0\" width=\"100%\" height=\"100%\"\/>\n                            <\/pattern>\n                        <\/defs>\n                        <path d=\"M320 196.892V249.049C315.551 246.84 310.884 244.768 305.976 242.863C260.745 225.305 205.474 225.87 141.699 244.541C75.8471 263.823 31.0875 257.697 7.0365 254.412C4.54521 254.074 2.16755 253.786 0 253.564V0H320V196.892Z\"\n                              fill=\"url(#img1)\"\/>\n                    <\/svg>\n                <\/div>\n                <section class=\"breadcrumb__container breadcrumb__mobile\"><div class=\"breadcrumb\" aria-label=\"Breadcrumb\"><i class=\"fa-duotone fa-inverse fa-house-blank\"><\/i><\/ol><\/section>            <\/div>\n        <\/div>\n    <\/section> \n\n<section class=\"hide__mobile-header breadcrumb__container\"><div class=\"breadcrumb\" aria-label=\"Breadcrumb\"><i class=\"fa-duotone fa-inverse fa-house-blank\"><\/i><\/ol><\/section>\n\n<section class='container sca-stepper__container   sca-header__b2b'><svg\r\n                    width=\"1440\" height=\"540\"\r\n                    viewBox=\"0 0 1440 540\"\r\n                    fill=\"none\" preserveAspectRatio=\"none\"\r\n                    xmlns=\"http:\/\/www.w3.org\/2000\/svg\"\r\n                    class=\"svg\"\r\n                    style=\"width: 100%;\">\r\n                <path\r\n                    d=\"M1440 237.182V495.643C1419.98 484.699 1398.98 474.428 1376.89 464.99C1173.35 377.98 924.631 380.781 637.646 473.307C341.312 568.858 139.894 538.501 31.6642 522.222C20.4534 520.543 9.75398 519.117 0 518.017V0H1440V237.182Z\"\r\n                    fill=\"url(#stepper-header)\"\r\n                \/>\r\n                <defs>\r\n                    <pattern id=\"stepper-header\" patternUnits=\"userSpaceOnUse\" width=\"100%\" height=\"100%\">\r\n                        <image href=\"https:\/\/anima-care.fr\/app\/uploads\/sites\/2\/2023\/01\/portable_qui_sommes_nous_tracabilite_ouverture_header-2-1440x540.jpg\" x=\"0\" y=\"0\" \/>\r\n                    <\/pattern>\r\n                <\/defs>\r\n            <\/svg><section class=\"breadcrumb__container breadcrumb__mobile\"><div class=\"breadcrumb\" aria-label=\"Breadcrumb\"><i class=\"fa-duotone fa-inverse fa-house-blank\"><\/i><\/ol><\/section><ol class='sca-stepper js-stepper'><li class='sca-stepper__item js-stepper-item ' id=''><a href='https:\/\/anima-care.fr\/veterinaire\/qui-sommes-nous\/anima-care-et-ses-equipes\/' ><span class='icon'><img src='https:\/\/anima-care.fr\/app\/uploads\/sites\/2\/2023\/01\/LOGO-ANIMACARE-def-06logo-mobile.png' alt='icon'  alt='' loading='lazy'\/><\/span><div class='sca-stepper__title'>Entreprise et \u00e9quipe<\/div><\/a><\/li><li class='sca-stepper__item js-stepper-item active' id=''><a href='#' ><span class='icon'><img src='https:\/\/anima-care.fr\/app\/uploads\/sites\/2\/2023\/01\/lo.png' alt='icon'  alt='' loading='lazy'\/><\/span><div class='sca-stepper__title'>Tra\u00e7abilit\u00e9 innovante<\/div><\/a><\/li><li class='sca-stepper__item js-stepper-item ' id=''><a href='https:\/\/anima-care.fr\/veterinaire\/qui-sommes-nous\/valeurs-et-engagements\/' ><span class='icon'><img src='https:\/\/anima-care.fr\/app\/uploads\/sites\/2\/2023\/01\/heart.png' alt='icon'  alt='' loading='lazy'\/><\/span><div class='sca-stepper__title'>Valeurs<\/div><\/a><\/li><li class='sca-stepper__item js-stepper-item ' id=''><a href='https:\/\/anima-care.fr\/veterinaire\/qui-sommes-nous\/actions-rse\/' ><span class='icon'><img src='https:\/\/anima-care.fr\/app\/uploads\/sites\/2\/2023\/01\/image-150x150.png' alt='icon'  alt='' loading='lazy'\/><\/span><div class='sca-stepper__title'>Actions RSE<\/div><\/a><\/li>\r\n            <\/ol>\r\n        <\/section>\r\n    \n\n\n<section data-tag=\"\" class=\"container container--white box--border border--shadow  raz-pt    \n        \n        \">\r\n        <section class='container__sm     '>\r\n            <div data-visible='' class='row row__container      gutter-x__ gutter-y__ js-row'>\r\n    <section class='title__subtitle-container' aria-label='La tra\u00e7abilit\u00e9 du parcours fun\u00e9raire'><h1 class='font-size__giga font-weight__bold font-alignment__center font-familly__urban font-color__ margin-bottom__base  margin-bottom-xs__base ' style=''>La tra\u00e7abilit\u00e9 du parcours fun\u00e9raire<\/h1><div class='font-size__deca font-weight__medium font-alignment__center font-familly__gotham font-color__ title__subtitle-subtitle description' style='line-height:25px;'>Faciliter la gestion de la fin de vie des animaux, assurer une tra\u00e7abilit\u00e9 sans faille du parcours fun\u00e9raire\u2026 Anima Care a d\u00e9velopp\u00e9 deux interfaces d\u00e9di\u00e9es : \u00ab Pro Anima Care \u00bb pour satisfaire l\u2019usage professionnel des v\u00e9t\u00e9rinaires et My Anima Care pour r\u00e9pondre aux attentes des familles.<\/div><\/section>\r\n            <\/div>\r\n        <\/section>\r\n    \n\n\n<section class=\"separator--md\"><\/section>\n\n\n<div class='col col-md-12 col-xs-12  sca-content' ><div class='sca-content__content order-2' ><h2 class='font-size__mega font-weight__medium font-alignment__center font-familly__urban font-color__ margin-bottom__milli  margin-bottom-xs__milli  title' style='line-height:33px;'>Pro Anima Care : l\u2019interface des \u00e9quipes v\u00e9t\u00e9rinaires<\/h2><\/div><\/div>\n\n\r\n        <section class='     '>\r\n            <div data-visible='' class='row row__container    justify-content__center  gutter-x__3 gutter-y__ js-row'>\r\n    <div class='col col-md-6 col-xs-12  sca-content' ><div class='sca-content__content order-2' ><p class='font-size__base font-weight__regular font-alignment__inherit font-familly__gotham font-color__ margin-bottom__base   description__noSpace' style='line-height:22px;'>Pro Anima Care est une interface m\u00e9tier facile d\u2019utilisation, s\u00e9curis\u00e9e et personnalis\u00e9e \u00e0 chaque \u00e9tablissement. L\u2019objectif est d\u2019optimiser et de p\u00e9renniser la relation de confiance v\u00e9t\u00e9rinaire-famille.<br>Le suivi du parcours de l\u2019animal est activ\u00e9 d\u00e8s l\u2019\u00e9dition de la convention de cr\u00e9mation. \u00c0 tout moment, l\u2019\u00e9quipe v\u00e9t\u00e9rinaire peut consulter Pro Anima Care pour r\u00e9pondre aux \u00e9ventuelles interrogations de la famille (sur la tra\u00e7abilit\u00e9 du parcours fun\u00e9raire de leur animal, la restitution des bonnes cendres fun\u00e9raires\u2026). <\/p><\/div><\/div><div class='col col-md-6 col-xs-12  sca-content' ><div class='sca-content__content order-2' ><p class='font-size__base font-weight__regular font-alignment__inherit font-familly__gotham font-color__ margin-bottom__base   description__noSpace' style='line-height:22px;'>Pro Anima Care permet \u00e0 l\u2019\u00e9quipe v\u00e9t\u00e9rinaire de :<br>&#8211; \u00c9diter les conventions et certificats de cr\u00e9mation<br>&#8211; Suivre l\u2019avancement du parcours du corps<br>&#8211; Demander une prise en charge urgente<br>&#8211; S\u2019informer sur les demandes additionnelles de la famille<br>&#8211; Proposer des prestations compl\u00e9mentaires et articles fun\u00e9raires (prise d\u2019empreinte, urne pour chien ou chat\u2026)<br>&#8211; Commander des consommables n\u00e9cessaires \u00e0 la prise en charge des animaux d\u00e9c\u00e9d\u00e9s (housses fun\u00e9raires\u2026)<br>&#8211; Consulter et \u00e9diter les pi\u00e8ces comptables<\/p><\/div><\/div>\r\n            <\/div>\r\n        <\/section>\r\n    \n\n\n<section class=\"\"><\/section>\n\n\n<div class='col col-md-12 col-xs-12  sca-content' ><div class='sca-content__content order-2' ><h2 class='font-size__mega font-weight__medium font-alignment__center font-familly__urban font-color__ margin-bottom__base  margin-bottom-xs__base  title' style=''>My Anima Care : l\u2019interface d\u00e9di\u00e9e aux familles<\/h2><\/div><\/div>\n\n\n<section class=\"\"><\/section>\n\n\n\r\n        <section class='container__xs     '>\r\n            <div data-visible='' class='row row__container   align-items__center justify-content__center  gutter-x__ gutter-y__ js-row'>\r\n    \r\n        <div class=''>\r\n            <img style='object-fit:cover;border-radius:10px;max-height:355px;display:block;margin:auto;max-width:710px;' src='https:\/\/anima-care.fr\/app\/uploads\/2023\/02\/iStock-1214864486montage-2.jpg' alt='' loading='lazy'\/>\r\n        <\/div>\r\n    \r\n            <\/div>\r\n        <\/section>\r\n    \n\n\r\n        <section class='     '>\r\n            <div data-visible='' class='row row__container    justify-content__center  gutter-x__3 gutter-y__ js-row'>\r\n    <div class='col col-md-6 col-xs-12  sca-content' ><div class='sca-content__content order-2' ><p class='font-size__base font-weight__regular font-alignment__inherit font-familly__gotham font-color__ margin-bottom__base   description__noSpace' style='line-height:22px;'>L\u2019interface My Anima Care s\u2019adresse aux familles accompagn\u00e9es par Anima Care, en partenariat avec l\u2019\u00e9quipe v\u00e9t\u00e9rinaire.<br>Personnalis\u00e9e et s\u00e9curis\u00e9e, My Anima Care permet de suivre le parcours fun\u00e9raire de l\u2019animal, depuis l\u2019\u00e9tablissement v\u00e9t\u00e9rinaire jusqu\u2019au devenir des cendres. Les familles b\u00e9n\u00e9ficient \u00e9galement ici de services et de prestations pens\u00e9s pour accompagner le deuil animalier et aider \u00e0 rendre un dernier hommage. <\/p><\/div><\/div><div class='col col-md-6 col-xs-12  sca-content' ><div class='sca-content__content order-2' ><p class='font-size__base font-weight__regular font-alignment__inherit font-familly__gotham font-color__ margin-bottom__base   description__noSpace' style='line-height:22px;'>My Anima Care permet aux familles de :<br>&#8211; Suivre les \u00e9tapes du parcours fun\u00e9raire de leur animal de compagnie (chien, chat ou NAC)<br>&#8211; Commander des prestations compl\u00e9mentaires et des articles fun\u00e9raires (toilettage post-mortem, objet-souvenir&#8230;)<br>&#8211; \u00c9diter la convention et le certificat de cr\u00e9mation<br>&#8211; R\u00e9diger et partager un message d\u2019hommage via un espace M\u00e9moire d\u00e9di\u00e9<\/p><\/div><\/div>\r\n            <\/div>\r\n        <\/section>\r\n    \n\n\n<section class=\"\"><\/section>\n\n\n<div class='col col-md-12 col-xs-12  sca-content' ><div class='sca-content__content order-2' ><h2 class='font-size__mega font-weight__medium font-alignment__center font-familly__urban font-color__ margin-bottom__base  margin-bottom-xs__base  title' style=''>Noe : l\u2019interface des cr\u00e9matoriums animaliers<\/h2><\/div><\/div>\n\n\n<section class=\"\"><\/section>\n\n\n\r\n        <section class='container__xs     '>\r\n            <div data-visible='' class='row row__container   align-items__center justify-content__center  gutter-x__ gutter-y__ js-row'>\r\n    \r\n        <div class=''>\r\n            <img style='object-fit:cover;border-radius:10px;max-height:355px;display:block;margin:auto;max-width:710px;' src='https:\/\/anima-care.fr\/app\/uploads\/2023\/02\/iStock-1297540300montage-1.jpg' alt='' loading='lazy'\/>\r\n        <\/div>\r\n    \r\n            <\/div>\r\n        <\/section>\r\n    \n\n\r\n        <section class='     '>\r\n            <div data-visible='' class='row row__container    justify-content__center  gutter-x__2 gutter-y__ js-row'>\r\n    <div class='col col-md-6 col-xs-12  sca-content' ><div class='sca-content__content order-2' ><p class='font-size__base font-weight__regular font-alignment__inherit font-familly__gotham font-color__ margin-bottom__base   description__noSpace' style='line-height:22px;'>Noe est l\u2019outil de s\u00e9curisation des op\u00e9rations de cr\u00e9mation. Le personnel des cr\u00e9matoriums animaliers y renseigne le parcours de chacun des animaux. D\u00e8s la prise en charge au sein de l\u2019\u00e9tablissement v\u00e9t\u00e9rinaire, tous les d\u00e9placements et toutes les interactions avec l\u2019animal y sont obligatoirement report\u00e9s. <\/p><\/div><\/div><div class='col col-md-6 col-xs-12  sca-content' ><div class='sca-content__content order-2' ><p class='font-size__base font-weight__regular font-alignment__inherit font-familly__gotham font-color__ margin-bottom__base   description__noSpace' style='line-height:22px;'>Gage de la parfaite tra\u00e7abilit\u00e9 et s\u00e9curisation des prestations fun\u00e9raires : chaque animal dispose d\u2019un identifiant unique et la chronologie de chaque \u00e9tape est conditionn\u00e9e \u00e0 la pr\u00e9c\u00e9dente.<\/p><\/div><\/div>\r\n            <\/div>\r\n        <\/section>\r\n    <\/section>\n","protected":false},"excerpt":{"rendered":"","protected":false},"author":1,"featured_media":4001,"parent":1151,"menu_order":0,"comment_status":"closed","ping_status":"closed","template":"","meta":[],"acf":[],"yoast_head":"<!-- This site is optimized with the Yoast SEO plugin v20.12 - https:\/\/yoast.com\/wordpress\/plugins\/seo\/ -->\n<title>Tra\u00e7abilit\u00e9 du parcours fun\u00e9raire - Cr\u00e9matorium animalier - Anima Care Pro<\/title>\n<meta name=\"description\" content=\"D\u00e9couvrir Anima Care, soci\u00e9t\u00e9 de cr\u00e9mation pour animaux : sa politique de tra\u00e7abilit\u00e9 du parcours fun\u00e9raire des animaux \u2705 Anima Care\" \/>\n<meta name=\"robots\" content=\"index, follow, max-snippet:-1, max-image-preview:large, max-video-preview:-1\" \/>\n<link rel=\"canonical\" href=\"https:\/\/anima-care.fr\/veterinaire\/qui-sommes-nous\/tracabilite-du-parcours-funeraire\/\" \/>\n<meta property=\"og:locale\" content=\"fr_FR\" \/>\n<meta property=\"og:type\" content=\"article\" \/>\n<meta property=\"og:title\" content=\"Tra\u00e7abilit\u00e9 du parcours fun\u00e9raire - Cr\u00e9matorium animalier - Anima Care Pro\" \/>\n<meta property=\"og:description\" content=\"D\u00e9couvrir Anima Care, soci\u00e9t\u00e9 de cr\u00e9mation pour animaux : sa politique de tra\u00e7abilit\u00e9 du parcours fun\u00e9raire des animaux \u2705 Anima Care\" \/>\n<meta property=\"og:url\" content=\"https:\/\/anima-care.fr\/veterinaire\/qui-sommes-nous\/tracabilite-du-parcours-funeraire\/\" \/>\n<meta property=\"og:site_name\" content=\"Anima Care Pro\" \/>\n<meta property=\"og:image\" content=\"https:\/\/anima-care.fr\/app\/uploads\/sites\/2\/2023\/01\/portable_qui_sommes_nous_tracabilite_ouverture_header-2.jpg\" \/>\n\t<meta property=\"og:image:width\" content=\"1444\" \/>\n\t<meta property=\"og:image:height\" content=\"964\" \/>\n\t<meta property=\"og:image:type\" content=\"image\/jpeg\" \/>\n<meta name=\"twitter:card\" content=\"summary_large_image\" \/>\n<script type=\"application\/ld+json\" class=\"yoast-schema-graph\">{\"@context\":\"https:\/\/schema.org\",\"@graph\":[{\"@type\":\"WebPage\",\"@id\":\"https:\/\/anima-care.fr\/veterinaire\/qui-sommes-nous\/tracabilite-du-parcours-funeraire\/\",\"url\":\"https:\/\/anima-care.fr\/veterinaire\/qui-sommes-nous\/tracabilite-du-parcours-funeraire\/\",\"name\":\"Tra\u00e7abilit\u00e9 du parcours fun\u00e9raire - Cr\u00e9matorium animalier - Anima Care Pro\",\"isPartOf\":{\"@id\":\"https:\/\/anima-care.fr\/veterinaire\/#website\"},\"datePublished\":\"2023-01-16T12:27:52+00:00\",\"dateModified\":\"2023-01-16T12:27:52+00:00\",\"description\":\"D\u00e9couvrir Anima Care, soci\u00e9t\u00e9 de cr\u00e9mation pour animaux : sa politique de tra\u00e7abilit\u00e9 du parcours fun\u00e9raire des animaux \u2705 Anima Care\",\"breadcrumb\":{\"@id\":\"https:\/\/anima-care.fr\/veterinaire\/qui-sommes-nous\/tracabilite-du-parcours-funeraire\/#breadcrumb\"},\"inLanguage\":\"fr-FR\",\"potentialAction\":[{\"@type\":\"ReadAction\",\"target\":[\"https:\/\/anima-care.fr\/veterinaire\/qui-sommes-nous\/tracabilite-du-parcours-funeraire\/\"]}]},{\"@type\":\"BreadcrumbList\",\"@id\":\"https:\/\/anima-care.fr\/veterinaire\/qui-sommes-nous\/tracabilite-du-parcours-funeraire\/#breadcrumb\",\"itemListElement\":[{\"@type\":\"ListItem\",\"position\":1,\"name\":\"Home\",\"item\":\"https:\/\/anima-care.fr\/veterinaire\"},{\"@type\":\"ListItem\",\"position\":2,\"name\":\"Qui sommes nous ?\",\"item\":\"https:\/\/anima-care.fr\/veterinaire\/qui-sommes-nous\/\"},{\"@type\":\"ListItem\",\"position\":3,\"name\":\"Tra\u00e7abilit\u00e9 innovante\"}]},{\"@type\":\"WebSite\",\"@id\":\"https:\/\/anima-care.fr\/veterinaire\/#website\",\"url\":\"https:\/\/anima-care.fr\/veterinaire\/\",\"name\":\"Anima Care Pro\",\"description\":\"\",\"publisher\":{\"@id\":\"https:\/\/anima-care.fr\/veterinaire\/#organization\"},\"potentialAction\":[{\"@type\":\"SearchAction\",\"target\":{\"@type\":\"EntryPoint\",\"urlTemplate\":\"https:\/\/anima-care.fr\/veterinaire\/?s={search_term_string}\"},\"query-input\":\"required name=search_term_string\"}],\"inLanguage\":\"fr-FR\"},{\"@type\":\"Organization\",\"@id\":\"https:\/\/anima-care.fr\/veterinaire\/#organization\",\"name\":\"Anima Care Pro\",\"url\":\"https:\/\/anima-care.fr\/veterinaire\/\",\"logo\":{\"@type\":\"ImageObject\",\"inLanguage\":\"fr-FR\",\"@id\":\"https:\/\/anima-care.fr\/veterinaire\/#\/schema\/logo\/image\/\",\"url\":\"https:\/\/anima-care.fr\/app\/uploads\/sites\/2\/2023\/07\/logo-animacare.svg\",\"contentUrl\":\"https:\/\/anima-care.fr\/app\/uploads\/sites\/2\/2023\/07\/logo-animacare.svg\",\"width\":235,\"height\":99,\"caption\":\"Anima Care Pro\"},\"image\":{\"@id\":\"https:\/\/anima-care.fr\/veterinaire\/#\/schema\/logo\/image\/\"}}]}<\/script>\n<!-- \/ Yoast SEO plugin. -->","yoast_head_json":{"title":"Tra\u00e7abilit\u00e9 du parcours fun\u00e9raire - Cr\u00e9matorium animalier - Anima Care Pro","description":"D\u00e9couvrir Anima Care, soci\u00e9t\u00e9 de cr\u00e9mation pour animaux : sa politique de tra\u00e7abilit\u00e9 du parcours fun\u00e9raire des animaux \u2705 Anima Care","robots":{"index":"index","follow":"follow","max-snippet":"max-snippet:-1","max-image-preview":"max-image-preview:large","max-video-preview":"max-video-preview:-1"},"canonical":"https:\/\/anima-care.fr\/veterinaire\/qui-sommes-nous\/tracabilite-du-parcours-funeraire\/","og_locale":"fr_FR","og_type":"article","og_title":"Tra\u00e7abilit\u00e9 du parcours fun\u00e9raire - Cr\u00e9matorium animalier - Anima Care Pro","og_description":"D\u00e9couvrir Anima Care, soci\u00e9t\u00e9 de cr\u00e9mation pour animaux : sa politique de tra\u00e7abilit\u00e9 du parcours fun\u00e9raire des animaux \u2705 Anima Care","og_url":"https:\/\/anima-care.fr\/veterinaire\/qui-sommes-nous\/tracabilite-du-parcours-funeraire\/","og_site_name":"Anima Care Pro","og_image":[{"width":1444,"height":964,"url":"https:\/\/anima-care.fr\/app\/uploads\/sites\/2\/2023\/01\/portable_qui_sommes_nous_tracabilite_ouverture_header-2.jpg","type":"image\/jpeg"}],"twitter_card":"summary_large_image","schema":{"@context":"https:\/\/schema.org","@graph":[{"@type":"WebPage","@id":"https:\/\/anima-care.fr\/veterinaire\/qui-sommes-nous\/tracabilite-du-parcours-funeraire\/","url":"https:\/\/anima-care.fr\/veterinaire\/qui-sommes-nous\/tracabilite-du-parcours-funeraire\/","name":"Tra\u00e7abilit\u00e9 du parcours fun\u00e9raire - Cr\u00e9matorium animalier - Anima Care Pro","isPartOf":{"@id":"https:\/\/anima-care.fr\/veterinaire\/#website"},"datePublished":"2023-01-16T12:27:52+00:00","dateModified":"2023-01-16T12:27:52+00:00","description":"D\u00e9couvrir Anima Care, soci\u00e9t\u00e9 de cr\u00e9mation pour animaux : sa politique de tra\u00e7abilit\u00e9 du parcours fun\u00e9raire des animaux \u2705 Anima Care","breadcrumb":{"@id":"https:\/\/anima-care.fr\/veterinaire\/qui-sommes-nous\/tracabilite-du-parcours-funeraire\/#breadcrumb"},"inLanguage":"fr-FR","potentialAction":[{"@type":"ReadAction","target":["https:\/\/anima-care.fr\/veterinaire\/qui-sommes-nous\/tracabilite-du-parcours-funeraire\/"]}]},{"@type":"BreadcrumbList","@id":"https:\/\/anima-care.fr\/veterinaire\/qui-sommes-nous\/tracabilite-du-parcours-funeraire\/#breadcrumb","itemListElement":[{"@type":"ListItem","position":1,"name":"Home","item":"https:\/\/anima-care.fr\/veterinaire"},{"@type":"ListItem","position":2,"name":"Qui sommes nous ?","item":"https:\/\/anima-care.fr\/veterinaire\/qui-sommes-nous\/"},{"@type":"ListItem","position":3,"name":"Tra\u00e7abilit\u00e9 innovante"}]},{"@type":"WebSite","@id":"https:\/\/anima-care.fr\/veterinaire\/#website","url":"https:\/\/anima-care.fr\/veterinaire\/","name":"Anima Care Pro","description":"","publisher":{"@id":"https:\/\/anima-care.fr\/veterinaire\/#organization"},"potentialAction":[{"@type":"SearchAction","target":{"@type":"EntryPoint","urlTemplate":"https:\/\/anima-care.fr\/veterinaire\/?s={search_term_string}"},"query-input":"required name=search_term_string"}],"inLanguage":"fr-FR"},{"@type":"Organization","@id":"https:\/\/anima-care.fr\/veterinaire\/#organization","name":"Anima Care Pro","url":"https:\/\/anima-care.fr\/veterinaire\/","logo":{"@type":"ImageObject","inLanguage":"fr-FR","@id":"https:\/\/anima-care.fr\/veterinaire\/#\/schema\/logo\/image\/","url":"https:\/\/anima-care.fr\/app\/uploads\/sites\/2\/2023\/07\/logo-animacare.svg","contentUrl":"https:\/\/anima-care.fr\/app\/uploads\/sites\/2\/2023\/07\/logo-animacare.svg","width":235,"height":99,"caption":"Anima Care Pro"},"image":{"@id":"https:\/\/anima-care.fr\/veterinaire\/#\/schema\/logo\/image\/"}}]}},"_links":{"self":[{"href":"https:\/\/anima-care.fr\/veterinaire\/wp-json\/wp\/v2\/pages\/1221"}],"collection":[{"href":"https:\/\/anima-care.fr\/veterinaire\/wp-json\/wp\/v2\/pages"}],"about":[{"href":"https:\/\/anima-care.fr\/veterinaire\/wp-json\/wp\/v2\/types\/page"}],"author":[{"embeddable":true,"href":"https:\/\/anima-care.fr\/veterinaire\/wp-json\/wp\/v2\/users\/1"}],"replies":[{"embeddable":true,"href":"https:\/\/anima-care.fr\/veterinaire\/wp-json\/wp\/v2\/comments?post=1221"}],"version-history":[{"count":1,"href":"https:\/\/anima-care.fr\/veterinaire\/wp-json\/wp\/v2\/pages\/1221\/revisions"}],"predecessor-version":[{"id":8107,"href":"https:\/\/anima-care.fr\/veterinaire\/wp-json\/wp\/v2\/pages\/1221\/revisions\/8107"}],"up":[{"embeddable":true,"href":"https:\/\/anima-care.fr\/veterinaire\/wp-json\/wp\/v2\/pages\/1151"}],"wp:featuredmedia":[{"embeddable":true,"href":"https:\/\/anima-care.fr\/veterinaire\/wp-json\/wp\/v2\/media\/4001"}],"wp:attachment":[{"href":"https:\/\/anima-care.fr\/veterinaire\/wp-json\/wp\/v2\/media?parent=1221"}],"curies":[{"name":"wp","href":"https:\/\/api.w.org\/{rel}","templated":true}]}}