{"id":1856,"date":"2023-01-18T14:06:21","date_gmt":"2023-01-18T14:06:21","guid":{"rendered":"https:\/\/anima-care.fr\/?page_id=1856"},"modified":"2024-01-15T11:41:55","modified_gmt":"2024-01-15T10:41:55","slug":"les-services-de-cremation","status":"publish","type":"page","link":"https:\/\/anima-care.fr\/veterinaire\/les-services-de-cremation\/","title":{"rendered":"Les services de cr\u00e9mation"},"content":{"rendered":"    <section class=\"d-none d-sm-block\" title=\"\">\n        <div class=\"header--paralax\">\n            <div class=\"banner__container\">\n                <div class=\"banner__container--information\">\n                                                        <\/div>\n                <div class=\"d-none d-sm-block\">\n                    <svg width=\"1440\" height=\"540\" viewBox=\"0 0 1440 540\" fill=\"none\" xmlns=\"http:\/\/www.w3.org\/2000\/svg\"\n                         style=\"height: 100%; width: 100%;\">\n                        <path d=\"M1440 237.182V495.643C1419.98 484.699 1398.98 474.428 1376.89 464.99C1173.35 377.98 924.631 380.781 637.646 473.307C341.312 568.858 139.894 538.501 31.6642 522.222C20.4534 520.543 9.75398 519.117 0 518.017V0H1440V237.182Z\"\n                              fill=\"url(#breadcrumb)\"\/>\n                        <defs>\n                            <pattern id=\"breadcrumb\" patternUnits=\"userSpaceOnUse\" width=\"100%\" height=\"100%\">\n                                <image href=\"https:\/\/anima-care.fr\/app\/uploads\/sites\/2\/2023\/01\/Vector-2-1.png\"\n                                       x=\"0\"\n                                       y=\"0\" width=\"100%\" height=\"100%\"\/>\n                            <\/pattern>\n                        <\/defs>\n                    <\/svg>\n                <\/div>\n                <div class=\"d-sm-none\">\n                    <svg width=\"320\" height=\"258\" viewBox=\"0 0 320 258\" fill=\"none\" xmlns=\"http:\/\/www.w3.org\/2000\/svg\"\n                         style=\"height: 100%; width: 100%;\">\n                        <defs>\n                            <pattern id=\"img1\" patternUnits=\"userSpaceOnUse\" width=\"100%\" height=\"100%\">\n                                <image href=\"https:\/\/anima-care.fr\/app\/uploads\/sites\/2\/2023\/01\/Vector-2-1-640x516.png\"\n                                       x=\"0\" y=\"0\" width=\"100%\" height=\"100%\"\/>\n                            <\/pattern>\n                        <\/defs>\n                        <path d=\"M320 196.892V249.049C315.551 246.84 310.884 244.768 305.976 242.863C260.745 225.305 205.474 225.87 141.699 244.541C75.8471 263.823 31.0875 257.697 7.0365 254.412C4.54521 254.074 2.16755 253.786 0 253.564V0H320V196.892Z\"\n                              fill=\"url(#img1)\"\/>\n                    <\/svg>\n                <\/div>\n                <section class=\"breadcrumb__container breadcrumb__mobile\"><div class=\"breadcrumb\" aria-label=\"Breadcrumb\"><i class=\"fa-duotone fa-inverse fa-house-blank\"><\/i><\/ol><\/section>            <\/div>\n        <\/div>\n    <\/section> \n\n<section class=\"hide__mobile-header breadcrumb__container\"><div class=\"breadcrumb\" aria-label=\"Breadcrumb\"><i class=\"fa-duotone fa-inverse fa-house-blank\"><\/i><\/ol><\/section>\n\n<section class='title__subtitle-container' aria-label='Les services de cr\u00e9mation pour animaux familiers'><h1 class='font-size__giga font-weight__bold font-alignment__center font-familly__gotham font-color__ margin-bottom__base  margin-bottom-xs__base ' style=''>Les services de cr\u00e9mation pour animaux familiers<\/h1><div class='font-size__hecto font-weight__medium font-alignment__center font-familly__gotham font-color__ title__subtitle-subtitle description' style='line-height:28px;'><a href=\"https:\/\/anima-care.fr\/veterinaire\/\" target=\"_blank\" rel=\"noreferrer noopener\">Anima Care<\/a> mobilise son savoir-faire afin de proposer aux \u00e9quipes v\u00e9t\u00e9rinaires des services de cr\u00e9mation pour les animaux familiers (canins, f\u00e9lins, NAC et \u00e9quid\u00e9s). Quatre solutions sont propos\u00e9es : <a href=\"https:\/\/anima-care.fr\/veterinaire\/les-services-de-cremation\/cremation-individuelle-accompagnee\/\" target=\"_blank\" rel=\"noreferrer noopener\">cr\u00e9mation individuelle<\/a> et plurielle, cr\u00e9mation accompagn\u00e9e et confi\u00e9e.<\/div><\/section>\n\n\n<section class=\"container bg box--border container--ptb\"><div class=\"cremation-card-container\"><div class=\"swiper swiper__mail-category swiper__mail-category__cremation  swiper-initialized swiper-horizontal swiper-pointer-events swiper-backface-hidden\"><div class=\"swiper-wrapper cremation-wrapper\">    <div class=\"swiper-slide cremation-swipper-item\">\n        <div class=\"card_cremation_v2_base\">\n            <div class=\"tile__image--md\">\n                <img decoding=\"async\" class=\"card_cremation--image\" src=\"https:\/\/anima-care.fr\/app\/uploads\/2023\/02\/MicrosoftTeams-image-1-scaled.png\" alt=\"\"\n                     loading=\"lazy\"\/>\n            <\/div>\n            <div class=\"card_cremation--content\">\n                                    <h2 class=\"heading--l2--cremation text-\">La cr\u00e9mation individuelle <br>accompagn\u00e9e<\/h2>\n                                                    <h3 class=\"card_cremation--content__number margin-bottom__base  margin-bott text-\"><\/h3>\n                                <div class=\"tile__text--medium\">\n                    La famille dispose d\u2019un temps de recueillement pour dire un dernier au revoir \u00e0 son animal avant d\u2019assister \u00e0 la mise \u00e0 la flamme individuelle.                <\/div>\n            <\/div>\n                            <div class=\"btn__box--center__fixed\">\n                    <a href=\"https:\/\/anima-care.fr\/veterinaire\/les-services-de-cremation\/cremation-individuelle-accompagnee\/\" id=\"content-cremation-ind-accompagnee\"\n                       class=\"rf-btn-link\">En savoir plus<i\n                                class=\"fa-solid fa-circle-chevron-right\"><\/i><\/a>\n                <\/div>\n                    <\/div>\n    <\/div>\n    \n\n    <div class=\"swiper-slide cremation-swipper-item\">\n        <div class=\"card_cremation_v2_base\">\n            <div class=\"tile__image--md\">\n                <img decoding=\"async\" class=\"card_cremation--image\" src=\"https:\/\/anima-care.fr\/app\/uploads\/2023\/02\/MicrosoftTeams-image-7-3-scaled.png\" alt=\"\"\n                     loading=\"lazy\"\/>\n            <\/div>\n            <div class=\"card_cremation--content\">\n                                    <h2 class=\"heading--l2--cremation text-\">La cr\u00e9mation individuelle <br>confi\u00e9e<\/h2>\n                                                    <h3 class=\"card_cremation--content__number margin-bottom__base  margin-bott text-\"><\/h3>\n                                <div class=\"tile__text--medium\">\n                    La famille confie le corps de son animal de compagnie au v\u00e9t\u00e9rinaire qui organise la cr\u00e9mation individuelle avec les \u00e9quipes d\u2019Anima Care.                <\/div>\n            <\/div>\n                            <div class=\"btn__box--center__fixed\">\n                    <a href=\"https:\/\/anima-care.fr\/veterinaire\/les-services-de-cremation\/cremation-individuelle-confiee\/\" id=\"content-cremation-ind-confiee\"\n                       class=\"rf-btn-link\">En savoir plus<i\n                                class=\"fa-solid fa-circle-chevron-right\"><\/i><\/a>\n                <\/div>\n                    <\/div>\n    <\/div>\n    \n\n    <div class=\"swiper-slide cremation-swipper-item\">\n        <div class=\"card_cremation_v2_base\">\n            <div class=\"tile__image--md\">\n                <img decoding=\"async\" class=\"card_cremation--image\" src=\"https:\/\/anima-care.fr\/app\/uploads\/2023\/02\/MicrosoftTeams-image-4-2-scaled.png\" alt=\"\"\n                     loading=\"lazy\"\/>\n            <\/div>\n            <div class=\"card_cremation--content\">\n                                    <h2 class=\"heading--l2--cremation text-\">La cr\u00e9mation plurielle <br>accompagn\u00e9e<\/h2>\n                                                    <h3 class=\"card_cremation--content__number margin-bottom__base  margin-bott text-\"><\/h3>\n                                <div class=\"tile__text--medium\">\n                    La famille se rend au cr\u00e9matorium animalier pour un dernier hommage avant la prise en charge de son animal mis \u00e0 la flamme avec d\u2019autres esp\u00e8ces.                <\/div>\n            <\/div>\n                            <div class=\"btn__box--center__fixed\">\n                    <a href=\"https:\/\/anima-care.fr\/veterinaire\/les-services-de-cremation\/cremation-plurielle-accompagnee\/\" id=\"content-cremation-plurielle-accompagnee\"\n                       class=\"rf-btn-link\">En savoir plus<i\n                                class=\"fa-solid fa-circle-chevron-right\"><\/i><\/a>\n                <\/div>\n                    <\/div>\n    <\/div>\n    \n\n    <div class=\"swiper-slide cremation-swipper-item\">\n        <div class=\"card_cremation_v2_base\">\n            <div class=\"tile__image--md\">\n                <img decoding=\"async\" class=\"card_cremation--image\" src=\"https:\/\/anima-care.fr\/app\/uploads\/2023\/02\/MicrosoftTeams-image-9.png\" alt=\"\"\n                     loading=\"lazy\"\/>\n            <\/div>\n            <div class=\"card_cremation--content\">\n                                    <h2 class=\"heading--l2--cremation text-\">La cr\u00e9mation plurielle <br>confi\u00e9e<\/h2>\n                                                    <h3 class=\"card_cremation--content__number margin-bottom__base  margin-bott text-\"><\/h3>\n                                <div class=\"tile__text--medium\">\n                    La famille confie au v\u00e9t\u00e9rinaire la charge d\u2019organiser, aupr\u00e8s d\u2019Anima Care, la cr\u00e9mation de son animal mis \u00e0 la flamme avec d\u2019autres esp\u00e8ces.                <\/div>\n            <\/div>\n                            <div class=\"btn__box--center__fixed\">\n                    <a href=\"https:\/\/anima-care.fr\/veterinaire\/les-services-de-cremation\/cremation-plurielle-confiee\/\" id=\"content-cremation-plurielle-confiee\"\n                       class=\"rf-btn-link\">En savoir plus<i\n                                class=\"fa-solid fa-circle-chevron-right\"><\/i><\/a>\n                <\/div>\n                    <\/div>\n    <\/div>\n    <\/div><div class=\"swiper-pagination\"><\/div><\/div><\/div><\/section>\n\n\n\n<section class=\"separator--md  \"><\/section>\n\n\n\n<section class=\" container container--white box--border border--shadow \" aria-label=\"\"><div class=\"container--child\">\n<section class=\"containerFullWidth\" aria-label=\"Des prestations fun\u00e9raires compl\u00e9mentaires\"><div class=\"tile-solution_information\"><h2 class=\"tile-solution_information__title font-color__\">Des prestations fun\u00e9raires compl\u00e9mentaires<\/h2><p class=\"tile-solution_information__paragraphe\">Un geste d\u2019hommage, un souvenir tangible\u2026 Anima Care a d\u00e9velopp\u00e9 une gamme de prestations fun\u00e9raires compl\u00e9mentaires aux services de cr\u00e9mation pour aider les familles \u00e0 faire le deuil de leur animal de compagnie.<\/p><\/div><div class=\"row tile-solution__container-card\">\n<div class=\"col-lg-3 col-md-3 col-xs-6\"><div class=\"tile-solution__card card--blue\"><span><img decoding=\"async\" class=\"icon--img\" src=\"https:\/\/anima-care.fr\/app\/uploads\/2023\/02\/bath-duotone-1-5.svg\" alt=\"\"\/><\/span><h3 class=\"tile-solution__title\">Toilettage post-mortem<\/h3><\/div><\/div>\n\n\n\n<div class=\"col-lg-3 col-md-3 col-xs-6\"><div class=\"tile-solution__card card--blue\"><span><img decoding=\"async\" class=\"icon--img\" src=\"https:\/\/anima-care.fr\/app\/uploads\/2023\/02\/heat-duotone-1-6.svg\" alt=\"\"\/><\/span><h3 class=\"tile-solution__title\">M\u00e8che de poils<\/h3><\/div><\/div>\n\n\n\n<div class=\"col-lg-3 col-md-3 col-xs-6\"><div class=\"tile-solution__card card--blue\"><span><img decoding=\"async\" class=\"icon--img\" src=\"https:\/\/anima-care.fr\/app\/uploads\/2023\/02\/paw-duotone-2-4.svg\" alt=\"\"\/><\/span><h3 class=\"tile-solution__title\">Prise d\u2019empreinte<\/h3><\/div><\/div>\n\n\n\n<div class=\"col-lg-3 col-md-3 col-xs-6\"><div class=\"tile-solution__card card--blue\"><span><img decoding=\"async\" class=\"icon--img\" src=\"https:\/\/anima-care.fr\/app\/uploads\/2023\/02\/video-duotone-1-1-5.svg\" alt=\"\"\/><\/span><h3 class=\"tile-solution__title\">Accompagnement<\/h3><\/div><\/div>\n<\/div><\/section>\n\n\n\n<section class=\"separator--sm  \"><\/section>\n\n\n\n<section class=\"container\"><h2 class=\"tile_teams-title mz-top\">Des consommables et articles v\u00e9t\u00e9rinaires<\/h2><h3 class=\"tile-solution_information__paragraphe\">Les \u00e9quipes v\u00e9t\u00e9rinaires peuvent accompagner les familles dans la d\u00e9cision de fin de vie et le deuil animalier. Anima Care propose des outils et des produits pour les aider en ce sens.<\/h3><div class=\"container-consommable\"><div class=\"consommable-paragraphe\"><p class=\"\">Des articles de communication et des housses fun\u00e9raires d\u00e9di\u00e9es permettent d\u2019am\u00e9liorer notablement la qualit\u00e9 de la pratique et de l\u2019accompagnement.<\/p><\/div><div class=\"consommable-child\">\n<section class=\"\"><div class=\"consommable-image\"><img decoding=\"async\" class=\"imgconsommable\" src=\"https:\/\/anima-care.fr\/app\/uploads\/2023\/02\/Cartes-de-condoleances.jpg\"\/><\/div><\/section>\n\n\n\n<section class=\"\"><div class=\"consommable-image\"><img decoding=\"async\" class=\"imgconsommable\" src=\"https:\/\/anima-care.fr\/app\/uploads\/2023\/02\/sacha-gribouille-1-animacare-expert-funeraire-veterinaire.jpg\"\/><\/div><\/section>\n\n\n\n<section class=\"\"><div class=\"consommable-image\"><img decoding=\"async\" class=\"imgconsommable\" src=\"https:\/\/anima-care.fr\/app\/uploads\/2023\/02\/cerc.jpg\"\/><\/div><\/section>\n<\/div><\/div><\/section>\n\n\n\n<section class=\"separator--sm  \"><\/section>\n\n\n\n<div class=\"wp-block-funecap-sca-sca-button aligncenter\"><a href=\"https:\/\/boutique.anima-care.fr\/veterinaires\/solutions\/\" class=\"rf-btn-primary\">Acc\u00e9der \u00e0 la boutique<i class=\"fa-duotone fa-shop\"><\/i><\/a><\/div>\n<\/div><\/section>\n\n\n\n<section class=\"separator--sm  \"><\/section>\n\n\n\n<p><\/p>\n","protected":false},"excerpt":{"rendered":"","protected":false},"author":1,"featured_media":0,"parent":0,"menu_order":0,"comment_status":"closed","ping_status":"closed","template":"","meta":[],"acf":[],"yoast_head":"<!-- This site is optimized with the Yoast SEO plugin v20.12 - https:\/\/yoast.com\/wordpress\/plugins\/seo\/ -->\n<title>Cr\u00e9mation pour animaux \u2013 Cr\u00e9matorium animalier \u2013 Anima Care<\/title>\n<meta name=\"description\" content=\"S\u2019informer sur les offres de cr\u00e9mation pour les animaux (cr\u00e9mation individuelle, plurielle\u2026) \u2013 Cr\u00e9matorium animalier \u2705 Anima Care\" \/>\n<meta name=\"robots\" content=\"index, follow, max-snippet:-1, max-image-preview:large, max-video-preview:-1\" \/>\n<link rel=\"canonical\" href=\"https:\/\/anima-care.fr\/veterinaire\/les-services-de-cremation\/\" \/>\n<meta property=\"og:locale\" content=\"fr_FR\" \/>\n<meta property=\"og:type\" content=\"article\" \/>\n<meta property=\"og:title\" content=\"Cr\u00e9mation pour animaux \u2013 Cr\u00e9matorium animalier \u2013 Anima Care\" \/>\n<meta property=\"og:description\" content=\"S\u2019informer sur les offres de cr\u00e9mation pour les animaux (cr\u00e9mation individuelle, plurielle\u2026) \u2013 Cr\u00e9matorium animalier \u2705 Anima Care\" \/>\n<meta property=\"og:url\" content=\"https:\/\/anima-care.fr\/veterinaire\/les-services-de-cremation\/\" \/>\n<meta property=\"og:site_name\" content=\"Anima Care Pro\" \/>\n<meta property=\"article:modified_time\" content=\"2024-01-15T10:41:55+00:00\" \/>\n<meta property=\"og:image\" content=\"https:\/\/anima-care.fr\/app\/uploads\/2023\/02\/bath-duotone-1-5.svg\" \/>\n<meta name=\"twitter:card\" content=\"summary_large_image\" \/>\n<meta name=\"twitter:label1\" content=\"Dur\u00e9e de lecture estim\u00e9e\" \/>\n\t<meta name=\"twitter:data1\" content=\"2 minutes\" \/>\n<script type=\"application\/ld+json\" class=\"yoast-schema-graph\">{\"@context\":\"https:\/\/schema.org\",\"@graph\":[{\"@type\":\"WebPage\",\"@id\":\"https:\/\/anima-care.fr\/veterinaire\/les-services-de-cremation\/\",\"url\":\"https:\/\/anima-care.fr\/veterinaire\/les-services-de-cremation\/\",\"name\":\"Cr\u00e9mation pour animaux \u2013 Cr\u00e9matorium animalier \u2013 Anima Care\",\"isPartOf\":{\"@id\":\"https:\/\/anima-care.fr\/veterinaire\/#website\"},\"datePublished\":\"2023-01-18T14:06:21+00:00\",\"dateModified\":\"2024-01-15T10:41:55+00:00\",\"description\":\"S\u2019informer sur les offres de cr\u00e9mation pour les animaux (cr\u00e9mation individuelle, plurielle\u2026) \u2013 Cr\u00e9matorium animalier \u2705 Anima Care\",\"breadcrumb\":{\"@id\":\"https:\/\/anima-care.fr\/veterinaire\/les-services-de-cremation\/#breadcrumb\"},\"inLanguage\":\"fr-FR\",\"potentialAction\":[{\"@type\":\"ReadAction\",\"target\":[\"https:\/\/anima-care.fr\/veterinaire\/les-services-de-cremation\/\"]}]},{\"@type\":\"BreadcrumbList\",\"@id\":\"https:\/\/anima-care.fr\/veterinaire\/les-services-de-cremation\/#breadcrumb\",\"itemListElement\":[{\"@type\":\"ListItem\",\"position\":1,\"name\":\"Home\",\"item\":\"https:\/\/anima-care.fr\/veterinaire\"},{\"@type\":\"ListItem\",\"position\":2,\"name\":\"Les services de cr\u00e9mation\"}]},{\"@type\":\"WebSite\",\"@id\":\"https:\/\/anima-care.fr\/veterinaire\/#website\",\"url\":\"https:\/\/anima-care.fr\/veterinaire\/\",\"name\":\"Anima Care Pro\",\"description\":\"\",\"publisher\":{\"@id\":\"https:\/\/anima-care.fr\/veterinaire\/#organization\"},\"potentialAction\":[{\"@type\":\"SearchAction\",\"target\":{\"@type\":\"EntryPoint\",\"urlTemplate\":\"https:\/\/anima-care.fr\/veterinaire\/?s={search_term_string}\"},\"query-input\":\"required name=search_term_string\"}],\"inLanguage\":\"fr-FR\"},{\"@type\":\"Organization\",\"@id\":\"https:\/\/anima-care.fr\/veterinaire\/#organization\",\"name\":\"Anima Care Pro\",\"url\":\"https:\/\/anima-care.fr\/veterinaire\/\",\"logo\":{\"@type\":\"ImageObject\",\"inLanguage\":\"fr-FR\",\"@id\":\"https:\/\/anima-care.fr\/veterinaire\/#\/schema\/logo\/image\/\",\"url\":\"https:\/\/anima-care.fr\/app\/uploads\/sites\/2\/2023\/07\/logo-animacare.svg\",\"contentUrl\":\"https:\/\/anima-care.fr\/app\/uploads\/sites\/2\/2023\/07\/logo-animacare.svg\",\"width\":235,\"height\":99,\"caption\":\"Anima Care Pro\"},\"image\":{\"@id\":\"https:\/\/anima-care.fr\/veterinaire\/#\/schema\/logo\/image\/\"}}]}<\/script>\n<!-- \/ Yoast SEO plugin. -->","yoast_head_json":{"title":"Cr\u00e9mation pour animaux \u2013 Cr\u00e9matorium animalier \u2013 Anima Care","description":"S\u2019informer sur les offres de cr\u00e9mation pour les animaux (cr\u00e9mation individuelle, plurielle\u2026) \u2013 Cr\u00e9matorium animalier \u2705 Anima Care","robots":{"index":"index","follow":"follow","max-snippet":"max-snippet:-1","max-image-preview":"max-image-preview:large","max-video-preview":"max-video-preview:-1"},"canonical":"https:\/\/anima-care.fr\/veterinaire\/les-services-de-cremation\/","og_locale":"fr_FR","og_type":"article","og_title":"Cr\u00e9mation pour animaux \u2013 Cr\u00e9matorium animalier \u2013 Anima Care","og_description":"S\u2019informer sur les offres de cr\u00e9mation pour les animaux (cr\u00e9mation individuelle, plurielle\u2026) \u2013 Cr\u00e9matorium animalier \u2705 Anima Care","og_url":"https:\/\/anima-care.fr\/veterinaire\/les-services-de-cremation\/","og_site_name":"Anima Care Pro","article_modified_time":"2024-01-15T10:41:55+00:00","og_image":[{"url":"https:\/\/anima-care.fr\/app\/uploads\/2023\/02\/bath-duotone-1-5.svg"}],"twitter_card":"summary_large_image","twitter_misc":{"Dur\u00e9e de lecture estim\u00e9e":"2 minutes"},"schema":{"@context":"https:\/\/schema.org","@graph":[{"@type":"WebPage","@id":"https:\/\/anima-care.fr\/veterinaire\/les-services-de-cremation\/","url":"https:\/\/anima-care.fr\/veterinaire\/les-services-de-cremation\/","name":"Cr\u00e9mation pour animaux \u2013 Cr\u00e9matorium animalier \u2013 Anima Care","isPartOf":{"@id":"https:\/\/anima-care.fr\/veterinaire\/#website"},"datePublished":"2023-01-18T14:06:21+00:00","dateModified":"2024-01-15T10:41:55+00:00","description":"S\u2019informer sur les offres de cr\u00e9mation pour les animaux (cr\u00e9mation individuelle, plurielle\u2026) \u2013 Cr\u00e9matorium animalier \u2705 Anima Care","breadcrumb":{"@id":"https:\/\/anima-care.fr\/veterinaire\/les-services-de-cremation\/#breadcrumb"},"inLanguage":"fr-FR","potentialAction":[{"@type":"ReadAction","target":["https:\/\/anima-care.fr\/veterinaire\/les-services-de-cremation\/"]}]},{"@type":"BreadcrumbList","@id":"https:\/\/anima-care.fr\/veterinaire\/les-services-de-cremation\/#breadcrumb","itemListElement":[{"@type":"ListItem","position":1,"name":"Home","item":"https:\/\/anima-care.fr\/veterinaire"},{"@type":"ListItem","position":2,"name":"Les services de cr\u00e9mation"}]},{"@type":"WebSite","@id":"https:\/\/anima-care.fr\/veterinaire\/#website","url":"https:\/\/anima-care.fr\/veterinaire\/","name":"Anima Care Pro","description":"","publisher":{"@id":"https:\/\/anima-care.fr\/veterinaire\/#organization"},"potentialAction":[{"@type":"SearchAction","target":{"@type":"EntryPoint","urlTemplate":"https:\/\/anima-care.fr\/veterinaire\/?s={search_term_string}"},"query-input":"required name=search_term_string"}],"inLanguage":"fr-FR"},{"@type":"Organization","@id":"https:\/\/anima-care.fr\/veterinaire\/#organization","name":"Anima Care Pro","url":"https:\/\/anima-care.fr\/veterinaire\/","logo":{"@type":"ImageObject","inLanguage":"fr-FR","@id":"https:\/\/anima-care.fr\/veterinaire\/#\/schema\/logo\/image\/","url":"https:\/\/anima-care.fr\/app\/uploads\/sites\/2\/2023\/07\/logo-animacare.svg","contentUrl":"https:\/\/anima-care.fr\/app\/uploads\/sites\/2\/2023\/07\/logo-animacare.svg","width":235,"height":99,"caption":"Anima Care Pro"},"image":{"@id":"https:\/\/anima-care.fr\/veterinaire\/#\/schema\/logo\/image\/"}}]}},"_links":{"self":[{"href":"https:\/\/anima-care.fr\/veterinaire\/wp-json\/wp\/v2\/pages\/1856"}],"collection":[{"href":"https:\/\/anima-care.fr\/veterinaire\/wp-json\/wp\/v2\/pages"}],"about":[{"href":"https:\/\/anima-care.fr\/veterinaire\/wp-json\/wp\/v2\/types\/page"}],"author":[{"embeddable":true,"href":"https:\/\/anima-care.fr\/veterinaire\/wp-json\/wp\/v2\/users\/1"}],"replies":[{"embeddable":true,"href":"https:\/\/anima-care.fr\/veterinaire\/wp-json\/wp\/v2\/comments?post=1856"}],"version-history":[{"count":3,"href":"https:\/\/anima-care.fr\/veterinaire\/wp-json\/wp\/v2\/pages\/1856\/revisions"}],"predecessor-version":[{"id":8233,"href":"https:\/\/anima-care.fr\/veterinaire\/wp-json\/wp\/v2\/pages\/1856\/revisions\/8233"}],"wp:attachment":[{"href":"https:\/\/anima-care.fr\/veterinaire\/wp-json\/wp\/v2\/media?parent=1856"}],"curies":[{"name":"wp","href":"https:\/\/api.w.org\/{rel}","templated":true}]}}