{"id":1904,"date":"2023-01-18T16:37:58","date_gmt":"2023-01-18T16:37:58","guid":{"rendered":"https:\/\/anima-care.fr\/?page_id=1904"},"modified":"2024-01-23T08:56:48","modified_gmt":"2024-01-23T07:56:48","slug":"cremation-plurielle-accompagnee","status":"publish","type":"page","link":"https:\/\/anima-care.fr\/veterinaire\/les-services-de-cremation\/cremation-plurielle-accompagnee\/","title":{"rendered":"Cr\u00e9mation plurielle accompagn\u00e9e"},"content":{"rendered":"    <section class=\"\" title=\"\">\n        <div class=\"header--paralax\">\n            <div class=\"banner__container\">\n                <div class=\"banner__container--information\">\n                                                        <\/div>\n                <div class=\"d-none d-sm-block\">\n                    <svg width=\"1440\" height=\"540\" viewBox=\"0 0 1440 540\" fill=\"none\" xmlns=\"http:\/\/www.w3.org\/2000\/svg\"\n                         style=\"height: 100%; width: 100%;\">\n                        <path d=\"M1440 237.182V495.643C1419.98 484.699 1398.98 474.428 1376.89 464.99C1173.35 377.98 924.631 380.781 637.646 473.307C341.312 568.858 139.894 538.501 31.6642 522.222C20.4534 520.543 9.75398 519.117 0 518.017V0H1440V237.182Z\"\n                              fill=\"url(#breadcrumb)\"\/>\n                        <defs>\n                            <pattern id=\"breadcrumb\" patternUnits=\"userSpaceOnUse\" width=\"100%\" height=\"100%\">\n                                <image href=\"https:\/\/anima-care.fr\/app\/uploads\/sites\/2\/2023\/01\/Vector-2.png\"\n                                       x=\"0\"\n                                       y=\"0\" width=\"100%\" height=\"100%\"\/>\n                            <\/pattern>\n                        <\/defs>\n                    <\/svg>\n                <\/div>\n                <div class=\"d-sm-none\">\n                    <svg width=\"320\" height=\"258\" viewBox=\"0 0 320 258\" fill=\"none\" xmlns=\"http:\/\/www.w3.org\/2000\/svg\"\n                         style=\"height: 100%; width: 100%;\">\n                        <defs>\n                            <pattern id=\"img1\" patternUnits=\"userSpaceOnUse\" width=\"100%\" height=\"100%\">\n                                <image href=\"https:\/\/anima-care.fr\/app\/uploads\/sites\/2\/2023\/01\/Vector-2-640x516.png\"\n                                       x=\"0\" y=\"0\" width=\"100%\" height=\"100%\"\/>\n                            <\/pattern>\n                        <\/defs>\n                        <path d=\"M320 196.892V249.049C315.551 246.84 310.884 244.768 305.976 242.863C260.745 225.305 205.474 225.87 141.699 244.541C75.8471 263.823 31.0875 257.697 7.0365 254.412C4.54521 254.074 2.16755 253.786 0 253.564V0H320V196.892Z\"\n                              fill=\"url(#img1)\"\/>\n                    <\/svg>\n                <\/div>\n                <section class=\"breadcrumb__container breadcrumb__mobile\"><div class=\"breadcrumb\" aria-label=\"Breadcrumb\"><i class=\"fa-duotone fa-inverse fa-house-blank\"><\/i><\/ol><\/section>            <\/div>\n        <\/div>\n    <\/section> \n\n<section class=\"hide__mobile-header breadcrumb__container\"><div class=\"breadcrumb\" aria-label=\"Breadcrumb\"><i class=\"fa-duotone fa-inverse fa-house-blank\"><\/i><\/ol><\/section>\n\n<section class='title__subtitle-container' aria-label='La cr\u00e9mation plurielle accompagn\u00e9e'><h1 class='font-size__giga font-weight__bold font-alignment__center font-familly__gotham font-color__ margin-bottom__base  margin-bottom-xs__base ' style=''>La cr\u00e9mation plurielle accompagn\u00e9e<\/h1><div class='font-size__hecto font-weight__medium font-alignment__center font-familly__gotham font-color__ title__subtitle-subtitle description' style=''>Un <a href=\"https:\/\/anima-care.fr\/veterinaire\/les-services-de-cremation\/\" target=\"_blank\" rel=\"noreferrer noopener\">service fun\u00e9raire<\/a> pour les familles d\u00e9sireuses d\u2019avoir un temps de recueillement aupr\u00e8s de leur animal, mais ne souhaitant pas conserver l\u2019urne fun\u00e9raire.<\/div><\/section>\n\n\n<section data-tag=\"\" class=\"container container--white box--border border--shadow  raz-pt    \n        \n        \">\n<div class=\"card-container-cremation_v2\">\r\n        <div class='card--image--v1'>\r\n            <img style='object-fit:cover;border-radius:10px;max-height:407px;display:block;margin:auto;max-width:946px;' src='https:\/\/anima-care.fr\/app\/uploads\/2023\/02\/MicrosoftTeams-image-4-2-scaled.png' alt='' loading='lazy'\/>\r\n        <\/div>\r\n    \n\n<section class='title__subtitle-container' aria-label='Zoom sur la cr\u00e9mation plurielle accompagn\u00e9e'><h2 class='font-size__mega font-weight__medium font-alignment__center font-familly__urban font-color__primary-medium margin-bottom__base  margin-bottom-xs__base title__subtitle-title' style='line-height:33px;'>Zoom sur la cr\u00e9mation plurielle accompagn\u00e9e<\/h2><div class='font-size__base font-weight__medium font-alignment__center font-familly__gotham font-color__ title__subtitle-subtitle description' style='line-height:22px;'><a href=\"https:\/\/anima-care.fr\/veterinaire\/demarches-et-formations\/demarche\/\" target=\"_blank\" rel=\"noreferrer noopener\">Comprendre la cr\u00e9mation<\/a> plurielle <br>accompagn\u00e9e pour en expliquer toutes ses <br>sp\u00e9cificit\u00e9s aux familles.<\/div><\/section>\n\n\n<div class=\"container--v2 \"><h2 class=\"paragraphe_title typo-\">Son d\u00e9roulement<\/h2><div class=\"paragraphe_card-content row\"><div class='paragraphe_futur-car col-md-4 col-xs-12 '>\r\n            <h3 class='paragraphe_subtitle paragraphe_futur-card-title typo-'>\r\n            1. Pr\u00e9paration de l\u2019animal\r\n            <\/h3>\r\n            <p class='paragraphe_description'>Le v\u00e9t\u00e9rinaire dispose l\u2019animal dans une housse fun\u00e9raire d\u00e9di\u00e9e avant sa prise en charge par les \u00e9quipes du <a href=\"https:\/\/anima-care.fr\/veterinaire\/les-crematoriums-pour-animaux\/\" target=\"_blank\" rel=\"noreferrer noopener\">cr\u00e9matorium animalier<\/a>.<\/p>\r\n        <\/div>\n\n<div class='paragraphe_futur-car col-md-4 col-xs-12 '>\r\n            <h3 class='paragraphe_subtitle paragraphe_futur-card-title typo-'>\r\n            2. Hommage au cr\u00e9matorium\r\n            <\/h3>\r\n            <p class='paragraphe_description'>Le centre de cr\u00e9mation met \u00e0 la disposition de la famille une salle de recueillement pour un dernier hommage aupr\u00e8s de son animal.<\/p>\r\n        <\/div>\n\n<div class='paragraphe_futur-car col-md-4 col-xs-12 '>\r\n            <h3 class='paragraphe_subtitle paragraphe_futur-card-title typo-'>\r\n            3. Mise \u00e0 la flamme\r\n            <\/h3>\r\n            <p class='paragraphe_description'>La famille n\u2019assiste pas \u00e0 la mise \u00e0 la flamme de son animal de compagnie, cr\u00e9matis\u00e9 simultan\u00e9ment \u00e0 d\u2019autres animaux de tout esp\u00e8ces.<\/p>\r\n        <\/div><\/div><\/div>\n\n\n\n<div class=\"paragraphe_container\"><h2 class=\"paragraphe_title\">Le devenir des cendres<\/h2><div class=\"paragraphe_card-content\"><div class=\"paragraphe_text\"><h3 class=\"paragraphe_subtitle\"><\/h3><p class=\"paragraphe_description\">Chiens, chats ou autres, le <a href=\"https:\/\/anima-care.fr\/veterinaire\/qui-sommes-nous\/valeurs-et-engagements\/\" target=\"_blank\" rel=\"noreferrer noopener\">respect d\u00fb aux animaux<\/a> ne cesse pas avec la mort. Aussi, les cr\u00e9matoriums animaliers <a href=\"https:\/\/anima-care.fr\/veterinaire\/\" target=\"_blank\" rel=\"noreferrer noopener\">Anima Care<\/a> mettent un point d\u2019honneur \u00e0 traiter avec respect, dignit\u00e9 et d\u00e9cence les cendres fun\u00e9raires de chacun des animaux pris en charge en cr\u00e9mation plurielle. Conform\u00e9ment \u00e0 la r\u00e9glementation en vigueur, les cendres m\u00eal\u00e9es sont donc dispos\u00e9es dans un centre technique adapt\u00e9.<\/p><\/div><\/div><\/div>\n<\/div>\n\n\n\n<div class=\"card_cremation__container-swiper btbcremation\"><div class=\"offer-swipper-cremation\"><div class=\"swiper-wrapper\">    <div class=\"swiper-slide\">\n        <div class=\"card_cremation_xl\">\n            <div class=\"tile__image--xs\">\n                <img decoding=\"async\" class=\"card_cremation--image\" src=\"https:\/\/anima-care.fr\/app\/uploads\/2023\/02\/MicrosoftTeams-image-1-scaled.png\" alt=\"\"\n                     loading=\"lazy\"\/>\n            <\/div>\n            <div class=\"card_cremation--content\">\n                <h2 class=\"heading--l2-static tile-solution__title-top tuile-title text-primary                \">La cr\u00e9mation individuelle accompagn\u00e9e<\/h2>\n            <H3 class=\"card_cremation--content__description_v2\">\n            S\u2019informer sur le service de cr\u00e9mation individuelle accompagn\u00e9e.        <\/H3>\n    <\/div>\n            <div class=\"btn__box--center__fixed\">\n            <section class='btn__section'><div class=''><a href='\/les-services-de-cremation\/cremation-individuelle-accompagnee\/'  class='btn__level3--b2b btn--small'  target=_self ><span class='title'>En savoir plus<\/span><img src='https:\/\/anima-care.fr\/app\/uploads\/sites\/2\/2023\/03\/Vector-2.svg' alt='icon' class='btn-image' ' loading='lazy'\/><\/a><\/div><\/section>        <\/div>\n        <\/div>\n    <\/div>\n    \n\n    <div class=\"swiper-slide\">\n        <div class=\"card_cremation_xl\">\n            <div class=\"tile__image--xs\">\n                <img decoding=\"async\" class=\"card_cremation--image\" src=\"https:\/\/anima-care.fr\/app\/uploads\/2023\/02\/MicrosoftTeams-image-7-3-scaled.png\" alt=\"\"\n                     loading=\"lazy\"\/>\n            <\/div>\n            <div class=\"card_cremation--content\">\n                <h2 class=\"heading--l2-static tile-solution__title-top tuile-title text-primary                \">La cr\u00e9mation individuelle confi\u00e9e<\/h2>\n            <H3 class=\"card_cremation--content__description_v2\">\n            S\u2019informer sur le service de cr\u00e9mation individuelle confi\u00e9e.        <\/H3>\n    <\/div>\n            <div class=\"btn__box--center__fixed\">\n            <section class='btn__section'><div class=''><a href='\/les-services-de-cremation\/cremation-individuelle-confiee\/'  class='btn__level3--b2b btn--small'  target=_self ><span class='title'>En savoir plus<\/span><img src='https:\/\/anima-care.fr\/app\/uploads\/sites\/2\/2023\/03\/Vector-2.svg' alt='icon' class='btn-image' ' loading='lazy'\/><\/a><\/div><\/section>        <\/div>\n        <\/div>\n    <\/div>\n    \n\n    <div class=\"swiper-slide\">\n        <div class=\"card_cremation_xl\">\n            <div class=\"tile__image--xs\">\n                <img decoding=\"async\" class=\"card_cremation--image\" src=\"https:\/\/anima-care.fr\/app\/uploads\/2023\/02\/MicrosoftTeams-image-9.png\" alt=\"\"\n                     loading=\"lazy\"\/>\n            <\/div>\n            <div class=\"card_cremation--content\">\n                <h2 class=\"heading--l2-static tile-solution__title-top tuile-title text-primary                \">La cr\u00e9mation plurielle confi\u00e9e<\/h2>\n            <H3 class=\"card_cremation--content__description_v2\">\n            S\u2019informer sur le service de cr\u00e9mation plurielle confi\u00e9e.        <\/H3>\n    <\/div>\n            <div class=\"btn__box--center__fixed\">\n            <section class='btn__section'><div class=''><a href='\/les-services-de-cremation\/cremation-plurielle-confiee\/'  class='btn__level3--b2b btn--small'  target=_self ><span class='title'>En savoir plus<\/span><img src='https:\/\/anima-care.fr\/app\/uploads\/sites\/2\/2023\/03\/Vector-2.svg' alt='icon' class='btn-image' ' loading='lazy'\/><\/a><\/div><\/section>        <\/div>\n        <\/div>\n    <\/div>\n    <\/div><div class=\"swiper-pagination\"><\/div><\/div><\/div>\n<\/section>\n\n\n\n<section class=\" container container--white box--border border--shadow \" aria-label=\"\"><div class=\"container--child\">\n<section class=\"containerFullWidth\" aria-label=\"Des prestations fun\u00e9raires pour l\u2019hommage\"><div class=\"tile-solution_information\"><h2 class=\"tile-solution_information__title font-color__\">Des prestations fun\u00e9raires pour l\u2019hommage<\/h2><p class=\"tile-solution_information__paragraphe\">Pour soutenir les familles en deuil, les \u00e9quipes Anima Care ont d\u00e9velopp\u00e9 une gamme de services et de prestations fun\u00e9raires pour p\u00e9renniser le souvenir de leur animal de compagnie.<\/p><\/div><div class=\"row tile-solution__container-card\">\n<div class=\"col-lg-3 col-md-3 col-xs-6\"><div class=\"tile-solution__card card--blue\"><span><img decoding=\"async\" class=\"icon--img\" src=\"https:\/\/anima-care.fr\/app\/uploads\/2023\/02\/bath-duotone-1-3.svg\" alt=\"\"\/><\/span><h3 class=\"tile-solution__title\">Toilettage post-mortem<\/h3><\/div><\/div>\n\n\n\n<div class=\"col-lg-3 col-md-3 col-xs-6\"><div class=\"tile-solution__card card--blue\"><span><img decoding=\"async\" class=\"icon--img\" src=\"https:\/\/anima-care.fr\/app\/uploads\/2023\/02\/heat-duotone-1-3.svg\" alt=\"\"\/><\/span><h3 class=\"tile-solution__title\">M\u00e8che de poils<\/h3><\/div><\/div>\n\n\n\n<div class=\"col-lg-3 col-md-3 col-xs-6\"><div class=\"tile-solution__card card--blue\"><span><img decoding=\"async\" class=\"icon--img\" src=\"https:\/\/anima-care.fr\/app\/uploads\/2023\/02\/paw-duotone-2-2.svg\" alt=\"\"\/><\/span><h3 class=\"tile-solution__title\">Prise d\u2019empreinte<\/h3><\/div><\/div>\n\n\n\n<div class=\"col-lg-3 col-md-3 col-xs-6\"><div class=\"tile-solution__card card--blue\"><span><img decoding=\"async\" class=\"icon--img\" src=\"https:\/\/anima-care.fr\/app\/uploads\/2023\/02\/video-duotone-1-1-3.svg\" alt=\"\"\/><\/span><h3 class=\"tile-solution__title\">Accompagnement<\/h3><\/div><\/div>\n<\/div><\/section>\n\n\n\n<section class=\"separator--sm  \"><\/section>\n\n\n\n<section class=\"container\"><h2 class=\"tile_teams-title mz-top\">Des consommables et articles v\u00e9t\u00e9rinaires<\/h2><h3 class=\"tile-solution_information__paragraphe\">Anima Care propose aux \u00e9tablissements v\u00e9t\u00e9rinaires des produits fun\u00e9raires et des \u00e9quipements d\u00e9di\u00e9s \u00e0 l\u2019activit\u00e9 de prise en charge de la fin de vie.<\/h3><div class=\"container-consommable\"><div class=\"consommable-paragraphe\"><p class=\"\">Housses sanitaires, lanternes d\u2019accueil ou encore cartes de sympathie\u2026 autant d\u2019outils vertueux du respect des animaux d\u00e9c\u00e9d\u00e9s, des familles et \u00e9quipes v\u00e9t\u00e9rinaires.<\/p><\/div><div class=\"consommable-child\">\n<section class=\"\"><div class=\"consommable-image\"><img decoding=\"async\" class=\"imgconsommable\" src=\"https:\/\/anima-care.fr\/app\/uploads\/2023\/02\/Cartes-de-condoleances.jpg\"\/><\/div><\/section>\n\n\n\n<section class=\"\"><div class=\"consommable-image\"><img decoding=\"async\" class=\"imgconsommable\" src=\"https:\/\/anima-care.fr\/app\/uploads\/2023\/02\/sacha-gribouille-1-animacare-expert-funeraire-veterinaire.jpg\"\/><\/div><\/section>\n\n\n\n<section class=\"\"><div class=\"consommable-image\"><img decoding=\"async\" class=\"imgconsommable\" src=\"https:\/\/anima-care.fr\/app\/uploads\/2023\/02\/cerc.jpg\"\/><\/div><\/section>\n<\/div><\/div><\/section>\n\n\n\n<div class=\"wp-block-funecap-sca-sca-button aligncenter\"><a href=\"https:\/\/boutique.anima-care.fr\/veterinaires\/solutions\/\" class=\"rf-btn-primary\">Acc\u00e9der \u00e0 la boutique<i class=\"fa-duotone fa-shop\"><\/i><\/a><\/div>\n<\/div><\/section>\n\n\n\n<section class=\"separator--sm  \"><\/section>\n","protected":false},"excerpt":{"rendered":"","protected":false},"author":1,"featured_media":0,"parent":1856,"menu_order":0,"comment_status":"closed","ping_status":"closed","template":"","meta":[],"acf":[],"yoast_head":"<!-- This site is optimized with the Yoast SEO plugin v20.12 - https:\/\/yoast.com\/wordpress\/plugins\/seo\/ -->\n<title>Cr\u00e9mation plurielle accompagn\u00e9e des animaux \u2013 Anima Care<\/title>\n<meta name=\"description\" content=\"S\u2019informer sur la cr\u00e9mation plurielle accompagn\u00e9e des animaux familiers (incin\u00e9ration chien, chat\u2026). Cr\u00e9matorium animalier \u2705 Anima Care\" \/>\n<meta name=\"robots\" content=\"index, follow, max-snippet:-1, max-image-preview:large, max-video-preview:-1\" \/>\n<link rel=\"canonical\" href=\"https:\/\/anima-care.fr\/veterinaire\/les-services-de-cremation\/cremation-plurielle-accompagnee\/\" \/>\n<meta property=\"og:locale\" content=\"fr_FR\" \/>\n<meta property=\"og:type\" content=\"article\" \/>\n<meta property=\"og:title\" content=\"Cr\u00e9mation plurielle accompagn\u00e9e des animaux \u2013 Anima Care\" \/>\n<meta property=\"og:description\" content=\"S\u2019informer sur la cr\u00e9mation plurielle accompagn\u00e9e des animaux familiers (incin\u00e9ration chien, chat\u2026). Cr\u00e9matorium animalier \u2705 Anima Care\" \/>\n<meta property=\"og:url\" content=\"https:\/\/anima-care.fr\/veterinaire\/les-services-de-cremation\/cremation-plurielle-accompagnee\/\" \/>\n<meta property=\"og:site_name\" content=\"Anima Care Pro\" \/>\n<meta property=\"article:modified_time\" content=\"2024-01-23T07:56:48+00:00\" \/>\n<meta property=\"og:image\" content=\"https:\/\/anima-care.fr\/app\/uploads\/2023\/02\/bath-duotone-1-3.svg\" \/>\n<meta name=\"twitter:card\" content=\"summary_large_image\" \/>\n<meta name=\"twitter:label1\" content=\"Dur\u00e9e de lecture estim\u00e9e\" \/>\n\t<meta name=\"twitter:data1\" content=\"3 minutes\" \/>\n<script type=\"application\/ld+json\" class=\"yoast-schema-graph\">{\"@context\":\"https:\/\/schema.org\",\"@graph\":[{\"@type\":\"WebPage\",\"@id\":\"https:\/\/anima-care.fr\/veterinaire\/les-services-de-cremation\/cremation-plurielle-accompagnee\/\",\"url\":\"https:\/\/anima-care.fr\/veterinaire\/les-services-de-cremation\/cremation-plurielle-accompagnee\/\",\"name\":\"Cr\u00e9mation plurielle accompagn\u00e9e des animaux \u2013 Anima Care\",\"isPartOf\":{\"@id\":\"https:\/\/anima-care.fr\/veterinaire\/#website\"},\"datePublished\":\"2023-01-18T16:37:58+00:00\",\"dateModified\":\"2024-01-23T07:56:48+00:00\",\"description\":\"S\u2019informer sur la cr\u00e9mation plurielle accompagn\u00e9e des animaux familiers (incin\u00e9ration chien, chat\u2026). Cr\u00e9matorium animalier \u2705 Anima Care\",\"breadcrumb\":{\"@id\":\"https:\/\/anima-care.fr\/veterinaire\/les-services-de-cremation\/cremation-plurielle-accompagnee\/#breadcrumb\"},\"inLanguage\":\"fr-FR\",\"potentialAction\":[{\"@type\":\"ReadAction\",\"target\":[\"https:\/\/anima-care.fr\/veterinaire\/les-services-de-cremation\/cremation-plurielle-accompagnee\/\"]}]},{\"@type\":\"BreadcrumbList\",\"@id\":\"https:\/\/anima-care.fr\/veterinaire\/les-services-de-cremation\/cremation-plurielle-accompagnee\/#breadcrumb\",\"itemListElement\":[{\"@type\":\"ListItem\",\"position\":1,\"name\":\"Home\",\"item\":\"https:\/\/anima-care.fr\/veterinaire\"},{\"@type\":\"ListItem\",\"position\":2,\"name\":\"Les services de cr\u00e9mation\",\"item\":\"https:\/\/anima-care.fr\/veterinaire\/les-services-de-cremation\/\"},{\"@type\":\"ListItem\",\"position\":3,\"name\":\"Cr\u00e9mation plurielle accompagn\u00e9e\"}]},{\"@type\":\"WebSite\",\"@id\":\"https:\/\/anima-care.fr\/veterinaire\/#website\",\"url\":\"https:\/\/anima-care.fr\/veterinaire\/\",\"name\":\"Anima Care Pro\",\"description\":\"\",\"publisher\":{\"@id\":\"https:\/\/anima-care.fr\/veterinaire\/#organization\"},\"potentialAction\":[{\"@type\":\"SearchAction\",\"target\":{\"@type\":\"EntryPoint\",\"urlTemplate\":\"https:\/\/anima-care.fr\/veterinaire\/?s={search_term_string}\"},\"query-input\":\"required name=search_term_string\"}],\"inLanguage\":\"fr-FR\"},{\"@type\":\"Organization\",\"@id\":\"https:\/\/anima-care.fr\/veterinaire\/#organization\",\"name\":\"Anima Care Pro\",\"url\":\"https:\/\/anima-care.fr\/veterinaire\/\",\"logo\":{\"@type\":\"ImageObject\",\"inLanguage\":\"fr-FR\",\"@id\":\"https:\/\/anima-care.fr\/veterinaire\/#\/schema\/logo\/image\/\",\"url\":\"https:\/\/anima-care.fr\/app\/uploads\/sites\/2\/2023\/07\/logo-animacare.svg\",\"contentUrl\":\"https:\/\/anima-care.fr\/app\/uploads\/sites\/2\/2023\/07\/logo-animacare.svg\",\"width\":235,\"height\":99,\"caption\":\"Anima Care Pro\"},\"image\":{\"@id\":\"https:\/\/anima-care.fr\/veterinaire\/#\/schema\/logo\/image\/\"}}]}<\/script>\n<!-- \/ Yoast SEO plugin. -->","yoast_head_json":{"title":"Cr\u00e9mation plurielle accompagn\u00e9e des animaux \u2013 Anima Care","description":"S\u2019informer sur la cr\u00e9mation plurielle accompagn\u00e9e des animaux familiers (incin\u00e9ration chien, chat\u2026). Cr\u00e9matorium animalier \u2705 Anima Care","robots":{"index":"index","follow":"follow","max-snippet":"max-snippet:-1","max-image-preview":"max-image-preview:large","max-video-preview":"max-video-preview:-1"},"canonical":"https:\/\/anima-care.fr\/veterinaire\/les-services-de-cremation\/cremation-plurielle-accompagnee\/","og_locale":"fr_FR","og_type":"article","og_title":"Cr\u00e9mation plurielle accompagn\u00e9e des animaux \u2013 Anima Care","og_description":"S\u2019informer sur la cr\u00e9mation plurielle accompagn\u00e9e des animaux familiers (incin\u00e9ration chien, chat\u2026). Cr\u00e9matorium animalier \u2705 Anima Care","og_url":"https:\/\/anima-care.fr\/veterinaire\/les-services-de-cremation\/cremation-plurielle-accompagnee\/","og_site_name":"Anima Care Pro","article_modified_time":"2024-01-23T07:56:48+00:00","og_image":[{"url":"https:\/\/anima-care.fr\/app\/uploads\/2023\/02\/bath-duotone-1-3.svg"}],"twitter_card":"summary_large_image","twitter_misc":{"Dur\u00e9e de lecture estim\u00e9e":"3 minutes"},"schema":{"@context":"https:\/\/schema.org","@graph":[{"@type":"WebPage","@id":"https:\/\/anima-care.fr\/veterinaire\/les-services-de-cremation\/cremation-plurielle-accompagnee\/","url":"https:\/\/anima-care.fr\/veterinaire\/les-services-de-cremation\/cremation-plurielle-accompagnee\/","name":"Cr\u00e9mation plurielle accompagn\u00e9e des animaux \u2013 Anima Care","isPartOf":{"@id":"https:\/\/anima-care.fr\/veterinaire\/#website"},"datePublished":"2023-01-18T16:37:58+00:00","dateModified":"2024-01-23T07:56:48+00:00","description":"S\u2019informer sur la cr\u00e9mation plurielle accompagn\u00e9e des animaux familiers (incin\u00e9ration chien, chat\u2026). Cr\u00e9matorium animalier \u2705 Anima Care","breadcrumb":{"@id":"https:\/\/anima-care.fr\/veterinaire\/les-services-de-cremation\/cremation-plurielle-accompagnee\/#breadcrumb"},"inLanguage":"fr-FR","potentialAction":[{"@type":"ReadAction","target":["https:\/\/anima-care.fr\/veterinaire\/les-services-de-cremation\/cremation-plurielle-accompagnee\/"]}]},{"@type":"BreadcrumbList","@id":"https:\/\/anima-care.fr\/veterinaire\/les-services-de-cremation\/cremation-plurielle-accompagnee\/#breadcrumb","itemListElement":[{"@type":"ListItem","position":1,"name":"Home","item":"https:\/\/anima-care.fr\/veterinaire"},{"@type":"ListItem","position":2,"name":"Les services de cr\u00e9mation","item":"https:\/\/anima-care.fr\/veterinaire\/les-services-de-cremation\/"},{"@type":"ListItem","position":3,"name":"Cr\u00e9mation plurielle accompagn\u00e9e"}]},{"@type":"WebSite","@id":"https:\/\/anima-care.fr\/veterinaire\/#website","url":"https:\/\/anima-care.fr\/veterinaire\/","name":"Anima Care Pro","description":"","publisher":{"@id":"https:\/\/anima-care.fr\/veterinaire\/#organization"},"potentialAction":[{"@type":"SearchAction","target":{"@type":"EntryPoint","urlTemplate":"https:\/\/anima-care.fr\/veterinaire\/?s={search_term_string}"},"query-input":"required name=search_term_string"}],"inLanguage":"fr-FR"},{"@type":"Organization","@id":"https:\/\/anima-care.fr\/veterinaire\/#organization","name":"Anima Care Pro","url":"https:\/\/anima-care.fr\/veterinaire\/","logo":{"@type":"ImageObject","inLanguage":"fr-FR","@id":"https:\/\/anima-care.fr\/veterinaire\/#\/schema\/logo\/image\/","url":"https:\/\/anima-care.fr\/app\/uploads\/sites\/2\/2023\/07\/logo-animacare.svg","contentUrl":"https:\/\/anima-care.fr\/app\/uploads\/sites\/2\/2023\/07\/logo-animacare.svg","width":235,"height":99,"caption":"Anima Care Pro"},"image":{"@id":"https:\/\/anima-care.fr\/veterinaire\/#\/schema\/logo\/image\/"}}]}},"_links":{"self":[{"href":"https:\/\/anima-care.fr\/veterinaire\/wp-json\/wp\/v2\/pages\/1904"}],"collection":[{"href":"https:\/\/anima-care.fr\/veterinaire\/wp-json\/wp\/v2\/pages"}],"about":[{"href":"https:\/\/anima-care.fr\/veterinaire\/wp-json\/wp\/v2\/types\/page"}],"author":[{"embeddable":true,"href":"https:\/\/anima-care.fr\/veterinaire\/wp-json\/wp\/v2\/users\/1"}],"replies":[{"embeddable":true,"href":"https:\/\/anima-care.fr\/veterinaire\/wp-json\/wp\/v2\/comments?post=1904"}],"version-history":[{"count":4,"href":"https:\/\/anima-care.fr\/veterinaire\/wp-json\/wp\/v2\/pages\/1904\/revisions"}],"predecessor-version":[{"id":8256,"href":"https:\/\/anima-care.fr\/veterinaire\/wp-json\/wp\/v2\/pages\/1904\/revisions\/8256"}],"up":[{"embeddable":true,"href":"https:\/\/anima-care.fr\/veterinaire\/wp-json\/wp\/v2\/pages\/1856"}],"wp:attachment":[{"href":"https:\/\/anima-care.fr\/veterinaire\/wp-json\/wp\/v2\/media?parent=1904"}],"curies":[{"name":"wp","href":"https:\/\/api.w.org\/{rel}","templated":true}]}}