{"id":4606,"date":"2023-02-05T17:43:05","date_gmt":"2023-02-05T16:43:05","guid":{"rendered":"https:\/\/anima-care.fr\/?page_id=4606"},"modified":"2024-01-15T11:42:54","modified_gmt":"2024-01-15T10:42:54","slug":"mention-legale","status":"publish","type":"page","link":"https:\/\/anima-care.fr\/veterinaire\/mention-legale\/","title":{"rendered":"Mentions l\u00e9gales"},"content":{"rendered":"    <section class=\"\" title=\"\">\n        <div class=\"header--paralax\">\n            <div class=\"banner__container\">\n                <div class=\"banner__container--information\">\n                                                        <\/div>\n                <div class=\"d-none d-sm-block\">\n                    <svg width=\"1440\" height=\"540\" viewBox=\"0 0 1440 540\" fill=\"none\" xmlns=\"http:\/\/www.w3.org\/2000\/svg\"\n                         style=\"height: 100%; width: 100%;\">\n                        <path d=\"M1440 237.182V495.643C1419.98 484.699 1398.98 474.428 1376.89 464.99C1173.35 377.98 924.631 380.781 637.646 473.307C341.312 568.858 139.894 538.501 31.6642 522.222C20.4534 520.543 9.75398 519.117 0 518.017V0H1440V237.182Z\"\n                              fill=\"url(#breadcrumb)\"\/>\n                        <defs>\n                            <pattern id=\"breadcrumb\" patternUnits=\"userSpaceOnUse\" width=\"100%\" height=\"100%\">\n                                <image href=\"https:\/\/anima-care.fr\/app\/uploads\/sites\/2\/2023\/01\/Vector-4-1-1440x540.png\"\n                                       x=\"0\"\n                                       y=\"0\" width=\"100%\" height=\"100%\"\/>\n                            <\/pattern>\n                        <\/defs>\n                    <\/svg>\n                <\/div>\n                <div class=\"d-sm-none\">\n                    <svg width=\"320\" height=\"258\" viewBox=\"0 0 320 258\" fill=\"none\" xmlns=\"http:\/\/www.w3.org\/2000\/svg\"\n                         style=\"height: 100%; width: 100%;\">\n                        <defs>\n                            <pattern id=\"img1\" patternUnits=\"userSpaceOnUse\" width=\"100%\" height=\"100%\">\n                                <image href=\"https:\/\/anima-care.fr\/app\/uploads\/sites\/2\/2023\/01\/Vector-4-1-640x516.png\"\n                                       x=\"0\" y=\"0\" width=\"100%\" height=\"100%\"\/>\n                            <\/pattern>\n                        <\/defs>\n                        <path d=\"M320 196.892V249.049C315.551 246.84 310.884 244.768 305.976 242.863C260.745 225.305 205.474 225.87 141.699 244.541C75.8471 263.823 31.0875 257.697 7.0365 254.412C4.54521 254.074 2.16755 253.786 0 253.564V0H320V196.892Z\"\n                              fill=\"url(#img1)\"\/>\n                    <\/svg>\n                <\/div>\n                <section class=\"breadcrumb__container breadcrumb__mobile\"><div class=\"breadcrumb\" aria-label=\"Breadcrumb\"><i class=\"fa-duotone fa-inverse fa-house-blank\"><\/i><\/ol><\/section>            <\/div>\n        <\/div>\n    <\/section> \n\n<section class=\"hide__mobile-header breadcrumb__container\"><div class=\"breadcrumb\" aria-label=\"Breadcrumb\"><i class=\"fa-duotone fa-inverse fa-house-blank\"><\/i><\/ol><\/section>\n\n\n<section class=\"wrapper--xs\" aria-label=\"Mentions l\u00e9gales\"><div class=\"container mention\"><div class=\"mention__back-icon\"><a href=\"\/\"><i class=\"fa-solid fa-circle-chevron-left\"><\/i><span>Retour<\/span><\/a><\/div><h1 class=\"heading--l1 mention__title\">Mentions l\u00e9gales<\/h1><h2 class=\"heading--l3 mention__subtitle\">L\u2019acc\u00e8s et la consultation de ce site Internet sont soumis aux pr\u00e9sentes mentions l\u00e9gales ainsi qu\u2019aux lois et r\u00e8glements applicables.<\/h2><h2><\/h2><div class=\"js-accordion\" data-focus=\"true\">\n<div class=\"mention__container-child\"><h2 class=\"heading--pipe mention__child-title\">Editeur du site<\/h2><h3 class=\"heading--pipe mention__child-subtitle\"><\/h3><div><p class=\"mention__child-content\">Ce site est \u00e9dit\u00e9 par la soci\u00e9t\u00e9 FUNECAP-SCA \u2013 SAS au capital de 142 857 \u20ac \u2013 RCS Paris 887 943 686 \u2013 TVA intracommunautaire n\u00b0 FR95887943686 \u2013 17 rue de l\u2019Arriv\u00e9e \u2013 75015 Paris, exer\u00e7ant sous la marque ANIMACARE. <br>Directeur de la publication : Antoine SENECAUT \u2013 Directeur G\u00e9n\u00e9ral. <br>Si\u00e8ge social : FUNECAP SCA \u2013 17 rue de l\u2019Arriv\u00e9e 75015 Paris \u2013 T\u00e9l\u00e9phone :<a href=\"tel:01 44 95 97 90\">01 44 95 97 90 <\/a>. <br>H\u00e9bergeur : FUNECAP HOLDING \u2013 17 rue de l\u2019Arriv\u00e9e 75015 Paris \u2013 T\u00e9l\u00e9phone : <a href=\"tel:01 44 95 05 05\">01 44 95 05 05 <\/a>. <br> <\/p><\/div><\/div>\n\n\n\n<div class=\"mention__container-child\"><h2 class=\"heading--pipe mention__child-title\">Propri\u00e9t\u00e9 et droits d\u2019auteur<\/h2><h3 class=\"heading--pipe mention__child-subtitle\"><\/h3><div><p class=\"mention__child-content\">L\u2019ensemble de ce site rel\u00e8ve de la l\u00e9gislation fran\u00e7aise sur le droit d\u2019auteur et la propri\u00e9t\u00e9 intellectuelle.Ce site est la propri\u00e9t\u00e9 de FUNECAP-SCA. Il est interdit \u00e0 tout internaute de copier ou reproduire tout ou partie du contenu du site, sauf autorisation sp\u00e9cifique et expresse de FUNECAP-SCA, et sauf usage personnel et priv\u00e9 conforme aux dispositions du Code de la Propri\u00e9t\u00e9 Intellectuelle. Ces reproductions devront mentionner de fa\u00e7on claire et lisible la source et l\u2019auteur du site. En aucun cas, ces reproductions ne sauraient porter pr\u00e9judice aux auteurs. Tous les droits de reproduction sont r\u00e9serv\u00e9s, y compris pour les documents t\u00e9l\u00e9chargeables. <br>Les photographies, vid\u00e9os, textes, logos, pictogrammes ainsi que toutes \u0153uvres intellectuelles de ce site sont la propri\u00e9t\u00e9 de FUNECAP-SCA ou de tiers ayant autoris\u00e9 FUNECAP-SCA \u00e0 les utiliser. <br><\/p><\/div><\/div>\n\n\n\n<div class=\"mention__container-child\"><h2 class=\"heading--pipe mention__child-title\">Acc\u00e8s au site<\/h2><h3 class=\"heading--pipe mention__child-subtitle\"><\/h3><div><p class=\"mention__child-content\">L\u2019acc\u00e8s et la consultation du pr\u00e9sent site Internet sont soumis aux pr\u00e9sentes mentions l\u00e9gales, ainsi qu\u2019aux lois et r\u00e8glements applicables.<br>L\u2019acc\u00e8s au site et son utilisation sont r\u00e9serv\u00e9s \u00e0 un usage strictement personnel. Le site ainsi que les informations ou donn\u00e9es qui y figurent ne pourront en aucun cas \u00eatre utilis\u00e9es \u00e0 des fins commerciales, politiques, publicitaires et pour toutes formes de sollicitations commerciales et notamment l\u2019envoi de courriers \u00e9lectroniques non sollicit\u00e9s.<br><\/p><\/div><\/div>\n\n\n\n<div class=\"mention__container-child\"><h2 class=\"heading--pipe mention__child-title\">Contenu du site et validit\u00e9 des informations<\/h2><h3 class=\"heading--pipe mention__child-subtitle\"><\/h3><div><p class=\"mention__child-content\">Les informations fournies sur ce site sont communiqu\u00e9es \u00e0 titre indicatif et non contractuel. En d\u00e9pit du soin apport\u00e9 au recueil des informations ainsi qu\u2019\u00e0 la r\u00e9alisation du site, des erreurs, coupures ou additions ind\u00e9pendantes de la volont\u00e9 de FUNECAP-SCA peuvent \u00eatre pr\u00e9sentes sur ce site. <br>FUNECAP-SCA ne pourra \u00eatre tenu pour responsable des cons\u00e9quences directes ou indirectes pouvant r\u00e9sulter de l\u2019utilisation, de la consultation et de l\u2019interpr\u00e9tation des informations fournies, pas plus que de la modification des dispositions administratives et juridiques survenant apr\u00e8s la publication. <br>L\u2019utilisateur du site et des informations qu\u2019il contient reconna\u00eet qu\u2019il en fait usage sous sa seule responsabilit\u00e9. En cons\u00e9quence, FUNECAP-SCA ne saurait voir sa responsabilit\u00e9 engag\u00e9e \u00e0 raison de tout pr\u00e9judice, direct ou indirect, de quelque nature que ce soit, r\u00e9sultant pour tout ou partie de l\u2019utilisation des informations du site. De m\u00eame, la responsabilit\u00e9 de FUNECAP-SCA ne saurait \u00eatre engag\u00e9e en cas d\u2019impossibilit\u00e9 d\u2019acc\u00e9der au site ou de perte de donn\u00e9es.<br>L\u2019utilisateur est seul responsable de l\u2019identit\u00e9 qu\u2019il d\u00e9cline et des informations qu\u2019il indique. Toute donn\u00e9e transmise \u00e0 partir de l\u2019adresse \u00e9lectronique de l\u2019utilisateur est r\u00e9put\u00e9e avoir \u00e9t\u00e9 r\u00e9alis\u00e9e par celui-ci.<br><\/p><\/div><\/div>\n\n\n\n<div class=\"mention__container-child\"><h2 class=\"heading--pipe mention__child-title\">Gestion du site<\/h2><h3 class=\"heading--pipe mention__child-subtitle\"><\/h3><div><p class=\"mention__child-content\">Pour la bonne gestion du site, l\u2019\u00e9diteur pourra \u00e0 tout moment : <br>\u00b7 Suspendre, interrompre ou limiter l\u2019acc\u00e8s \u00e0 tout ou partie du site, r\u00e9server l\u2019acc\u00e8s au site, ou \u00e0 certaines parties du site, \u00e0 une cat\u00e9gorie d\u00e9termin\u00e9e d\u2019internautes.<br>\u00b7 Supprimer toute information pouvant perturber le fonctionnement ou entrant en contravention avec les lois nationales ou internationales, ou avec les r\u00e8gles de la N\u00e9tiquette.<br>\u00b7 Suspendre le site afin de proc\u00e9der \u00e0 des mises \u00e0 jour.<br><\/p><\/div><\/div>\n\n\n\n<div class=\"mention__container-child\"><h2 class=\"heading--pipe mention__child-title\">Politique de gestion des donn\u00e9es personnelles et cookies<\/h2><h3 class=\"heading--pipe mention__child-subtitle\"><\/h3><div><p class=\"mention__child-content\">Notre politique relative \u00e0 la gestion des donn\u00e9es personnelles et des cookies sur ce site Internet est consultable sur la page Politique de gestion des donn\u00e9es personnelles et cookies. <br><\/p><\/div><\/div>\n\n\n\n<div class=\"mention__container-child\"><h2 class=\"heading--pipe mention__child-title\">Contenu du site et validit\u00e9 des informations<\/h2><h3 class=\"heading--pipe mention__child-subtitle\"><\/h3><div><p class=\"mention__child-content\">Les informations fournies sur ce site sont communiqu\u00e9es \u00e0 titre indicatif et non contractuel. En d\u00e9pit du soin apport\u00e9 au recueil des informations ainsi qu\u2019\u00e0 la r\u00e9alisation du site, des erreurs, coupures ou additions ind\u00e9pendantes de la volont\u00e9 de FUNECAP-SCA peuvent \u00eatre pr\u00e9sentes sur ce site.<br>FUNECAP-SCA ne pourra \u00eatre tenu pour responsable des cons\u00e9quences directes ou indirectes pouvant r\u00e9sulter de l\u2019utilisation, de la consultation et de l\u2019interpr\u00e9tation des informations fournies, pas plus que de la modification des dispositions administratives et juridiques survenant apr\u00e8s la publication. <br>L\u2019utilisateur du site et des informations qu\u2019il contient reconna\u00eet qu\u2019il en fait usage sous sa seule responsabilit\u00e9. En cons\u00e9quence, FUNECAP-SCA ne saurait voir sa responsabilit\u00e9 engag\u00e9e \u00e0 raison de tout pr\u00e9judice, direct ou indirect, de quelque nature que ce soit, r\u00e9sultant pour tout ou partie de l\u2019utilisation des informations du site. De m\u00eame, la responsabilit\u00e9 de FUNECAP-SCA ne saurait \u00eatre engag\u00e9e en cas d\u2019impossibilit\u00e9 d\u2019acc\u00e9der au site ou de perte de donn\u00e9es. <br>L\u2019utilisateur est seul responsable de l\u2019identit\u00e9 qu\u2019il d\u00e9cline et des informations qu\u2019il indique. Toute donn\u00e9e transmise \u00e0 partir de l\u2019adresse \u00e9lectronique de l\u2019utilisateur est r\u00e9put\u00e9e avoir \u00e9t\u00e9 r\u00e9alis\u00e9e par celui-ci.<br><\/p><\/div><\/div>\n\n\n\n<div class=\"mention__container-child\"><h2 class=\"heading--pipe mention__child-title\">Messagerie<\/h2><h3 class=\"heading--pipe mention__child-subtitle\"><\/h3><div><p class=\"mention__child-content\">Contenu des \u00e9changes :Dans le cadre de la rubrique de contact qui permet une demande de renseignements par email, les r\u00e9ponses fournies par FUNECAP-SCA suite \u00e0 la sollicitation d\u2019un internaute (par voie d\u2019email) ne sont en aucun cas d\u00e9finitives et n\u2019ont pas de valeur contractuelle. En effet, les informations communiqu\u00e9es en retour se font sur la base des donn\u00e9es transmises par l\u2019internaute. <br>Conservation et utilisation des adresses \u00e9lectroniques : <br>En utilisant un logiciel de messagerie, l\u2019internaute communique \u00e0 FUNECAP-SCA son adresse \u00e9lectronique. Celle-ci peut \u00eatre conserv\u00e9e et utilis\u00e9e ult\u00e9rieurement pour proposer des services ou des offres commerciales. L\u2019internaute peut, \u00e0 tout moment, demander la suppression de son adresse \u00e9lectronique en \u00e9crivant au si\u00e8ge.<\/p><\/div><\/div>\n\n\n\n<div class=\"mention__container-child\"><h2 class=\"heading--pipe mention__child-title\">Liens entre sites Internet<\/h2><h3 class=\"heading--pipe mention__child-subtitle\"><\/h3><div><p class=\"mention__child-content\">FUNECAP-SCA propose des liens vers d\u2019autres sites priv\u00e9s afin de faciliter l\u2019acc\u00e8s \u00e0 l\u2019information de l\u2019internaute. Leurs contenus ne peuvent en aucune mani\u00e8re engager la responsabilit\u00e9 de FUNECAP-SCA. Tout lien depuis un site Internet vers le site de FUNECAP-SCA doit faire l\u2019objet d\u2019une autorisation pr\u00e9alable de FUNECAP-SCA. <br>L\u2019\u00e9diteur est libre de refuser cette autorisation sans avoir \u00e0 justifier de quelque mani\u00e8re que ce soit sa d\u00e9cision. Dans le cas o\u00f9 l\u2019\u00e9diteur accorderait son autorisation, celle-ci n\u2019est dans tous les cas que temporaire et pourra \u00eatre retir\u00e9e \u00e0 tout moment, sans obligation de justification de la part de l\u2019\u00e9diteur.Dans tous les cas, le lien devra \u00eatre retir\u00e9 sans d\u00e9lai sur simple demande de l\u2019\u00e9diteur.<\/p><\/div><\/div>\n\n\n\n<div class=\"mention__container-child\"><h2 class=\"heading--pipe mention__child-title\">Loi applicable<\/h2><h3 class=\"heading--pipe mention__child-subtitle\"><\/h3><div><p class=\"mention__child-content\">Les pr\u00e9sentes conditions sont r\u00e9gies par la l\u00e9gislation fran\u00e7aise et soumises \u00e0 la comp\u00e9tence des tribunaux de Paris, sous r\u00e9serve d\u2019une attribution de comp\u00e9tence sp\u00e9cifique d\u00e9coulant d\u2019un texte de loi ou r\u00e9glementaire particulier. <br><\/p><\/div><\/div>\n\n\n\n<div class=\"mention__container-child\"><h2 class=\"heading--pipe mention__child-title\">Droit de r\u00e9ponse<\/h2><h3 class=\"heading--pipe mention__child-subtitle\"><\/h3><div><p class=\"mention__child-content\">Le droit de r\u00e9ponse peut \u00eatre exerc\u00e9 aupr\u00e8s du Directeur de la publication par courrier \u00e0 l\u2019adresse du si\u00e8ge social : FUNECAP-SCA \u2013 Direction Digitale \u2013 17 rue de l\u2019Arriv\u00e9e 75015 Paris.<br><\/p><\/div><\/div>\n\n\n\n<div class=\"mention__container-child\"><h2 class=\"heading--pipe mention__child-title\">Contactez-nous<\/h2><h3 class=\"heading--pipe mention__child-subtitle\"><\/h3><div><p class=\"mention__child-content\">Pour toute question ou information sur le contenu publi\u00e9 sur le site, vous pouvez contacter le si\u00e8ge social de FUNECAP-SCA indiqu\u00e9 en t\u00eate des pr\u00e9sentes. <br><\/p><\/div><\/div>\n\n\n\n<div class=\"mention__container-child\"><h2 class=\"heading--pipe mention__child-title\">M\u00e9diation<\/h2><h3 class=\"heading--pipe mention__child-subtitle\"><\/h3><div><p class=\"mention__child-content\">En cas de de\u0301saccord avec la re\u0301ponse apporte\u0301e par le professionnel a\u0300 une re\u0301clamation, le Proprie\u0301taire- consommateur peut, dans les conditions pre\u0301vues aux articles L. 612-1 et suivants du Code de la Consommation, saisir, par voie postale ou par courriel, le Me\u0301diateur de la Consommation de la profession de ve\u0301te\u0301rinaire MEDIAVET :<br>\u203a soit en adressant une demande de me\u0301diation du\u0302ment accompagne\u0301e des pie\u0300ces justificatives : <br>\u203a par voie postale en e\u0301crivant a\u0300 l\u2019adresse suivante: Mediavet &#8211; 126 chemin de l\u2019abreuvoir \u2013 38410 SAINT MARTIN D\u2019URIAGE. <br>\u203a ou par voie e\u0301lectronique a\u0300 l&rsquo;adresse : contact@ mediavet.net <br>\u203a soit en utilisant le formulaire en ligne pre\u0301vu a\u0300 cet effet sur le site internet du me\u0301diateur. formulaire en ligne pr\u00e9vu \u00e0 cet effet sur l\u2019espace pr\u00e9cit\u00e9. <br><\/p><\/div><\/div>\n<\/div><a href=\"#\" id=\"\" class=\"btn--primary-hot\">G\u00e9rer les cookies<i class=\"fa-solid fa-cookie-bite cookies_icon\"><\/i><\/a><\/div><\/section>\n","protected":false},"excerpt":{"rendered":"","protected":false},"author":1,"featured_media":0,"parent":0,"menu_order":0,"comment_status":"closed","ping_status":"closed","template":"","meta":[],"acf":[],"yoast_head":"<!-- This site is optimized with the Yoast SEO plugin v20.12 - https:\/\/yoast.com\/wordpress\/plugins\/seo\/ -->\n<title>Mentions l\u00e9gales - Anima Care Pro<\/title>\n<meta name=\"description\" content=\"L&#039;acc\u00e8s et la consultation du site Internet sont soumis aux pr\u00e9sentes mentions l\u00e9gales, aux lois et r\u00e8glements applicables. \u2705 Anima Care\" \/>\n<meta name=\"robots\" content=\"index, follow, max-snippet:-1, max-image-preview:large, max-video-preview:-1\" \/>\n<link rel=\"canonical\" href=\"https:\/\/anima-care.fr\/veterinaire\/mention-legale\/\" \/>\n<meta property=\"og:locale\" content=\"fr_FR\" \/>\n<meta property=\"og:type\" content=\"article\" \/>\n<meta property=\"og:title\" content=\"Mentions l\u00e9gales - Anima Care Pro\" \/>\n<meta property=\"og:description\" content=\"L&#039;acc\u00e8s et la consultation du site Internet sont soumis aux pr\u00e9sentes mentions l\u00e9gales, aux lois et r\u00e8glements applicables. \u2705 Anima Care\" \/>\n<meta property=\"og:url\" content=\"https:\/\/anima-care.fr\/veterinaire\/mention-legale\/\" \/>\n<meta property=\"og:site_name\" content=\"Anima Care Pro\" \/>\n<meta property=\"article:modified_time\" content=\"2024-01-15T10:42:54+00:00\" \/>\n<meta name=\"twitter:card\" content=\"summary_large_image\" \/>\n<meta name=\"twitter:label1\" content=\"Dur\u00e9e de lecture estim\u00e9e\" \/>\n\t<meta name=\"twitter:data1\" content=\"7 minutes\" \/>\n<script type=\"application\/ld+json\" class=\"yoast-schema-graph\">{\"@context\":\"https:\/\/schema.org\",\"@graph\":[{\"@type\":\"WebPage\",\"@id\":\"https:\/\/anima-care.fr\/veterinaire\/mention-legale\/\",\"url\":\"https:\/\/anima-care.fr\/veterinaire\/mention-legale\/\",\"name\":\"Mentions l\u00e9gales - Anima Care Pro\",\"isPartOf\":{\"@id\":\"https:\/\/anima-care.fr\/veterinaire\/#website\"},\"datePublished\":\"2023-02-05T16:43:05+00:00\",\"dateModified\":\"2024-01-15T10:42:54+00:00\",\"description\":\"L'acc\u00e8s et la consultation du site Internet sont soumis aux pr\u00e9sentes mentions l\u00e9gales, aux lois et r\u00e8glements applicables. \u2705 Anima Care\",\"breadcrumb\":{\"@id\":\"https:\/\/anima-care.fr\/veterinaire\/mention-legale\/#breadcrumb\"},\"inLanguage\":\"fr-FR\",\"potentialAction\":[{\"@type\":\"ReadAction\",\"target\":[\"https:\/\/anima-care.fr\/veterinaire\/mention-legale\/\"]}]},{\"@type\":\"BreadcrumbList\",\"@id\":\"https:\/\/anima-care.fr\/veterinaire\/mention-legale\/#breadcrumb\",\"itemListElement\":[{\"@type\":\"ListItem\",\"position\":1,\"name\":\"Home\",\"item\":\"https:\/\/anima-care.fr\/veterinaire\"},{\"@type\":\"ListItem\",\"position\":2,\"name\":\"Mentions l\u00e9gales\"}]},{\"@type\":\"WebSite\",\"@id\":\"https:\/\/anima-care.fr\/veterinaire\/#website\",\"url\":\"https:\/\/anima-care.fr\/veterinaire\/\",\"name\":\"Anima Care Pro\",\"description\":\"\",\"publisher\":{\"@id\":\"https:\/\/anima-care.fr\/veterinaire\/#organization\"},\"potentialAction\":[{\"@type\":\"SearchAction\",\"target\":{\"@type\":\"EntryPoint\",\"urlTemplate\":\"https:\/\/anima-care.fr\/veterinaire\/?s={search_term_string}\"},\"query-input\":\"required name=search_term_string\"}],\"inLanguage\":\"fr-FR\"},{\"@type\":\"Organization\",\"@id\":\"https:\/\/anima-care.fr\/veterinaire\/#organization\",\"name\":\"Anima Care Pro\",\"url\":\"https:\/\/anima-care.fr\/veterinaire\/\",\"logo\":{\"@type\":\"ImageObject\",\"inLanguage\":\"fr-FR\",\"@id\":\"https:\/\/anima-care.fr\/veterinaire\/#\/schema\/logo\/image\/\",\"url\":\"https:\/\/anima-care.fr\/app\/uploads\/sites\/2\/2023\/07\/logo-animacare.svg\",\"contentUrl\":\"https:\/\/anima-care.fr\/app\/uploads\/sites\/2\/2023\/07\/logo-animacare.svg\",\"width\":235,\"height\":99,\"caption\":\"Anima Care Pro\"},\"image\":{\"@id\":\"https:\/\/anima-care.fr\/veterinaire\/#\/schema\/logo\/image\/\"}}]}<\/script>\n<!-- \/ Yoast SEO plugin. -->","yoast_head_json":{"title":"Mentions l\u00e9gales - Anima Care Pro","description":"L'acc\u00e8s et la consultation du site Internet sont soumis aux pr\u00e9sentes mentions l\u00e9gales, aux lois et r\u00e8glements applicables. \u2705 Anima Care","robots":{"index":"index","follow":"follow","max-snippet":"max-snippet:-1","max-image-preview":"max-image-preview:large","max-video-preview":"max-video-preview:-1"},"canonical":"https:\/\/anima-care.fr\/veterinaire\/mention-legale\/","og_locale":"fr_FR","og_type":"article","og_title":"Mentions l\u00e9gales - Anima Care Pro","og_description":"L'acc\u00e8s et la consultation du site Internet sont soumis aux pr\u00e9sentes mentions l\u00e9gales, aux lois et r\u00e8glements applicables. \u2705 Anima Care","og_url":"https:\/\/anima-care.fr\/veterinaire\/mention-legale\/","og_site_name":"Anima Care Pro","article_modified_time":"2024-01-15T10:42:54+00:00","twitter_card":"summary_large_image","twitter_misc":{"Dur\u00e9e de lecture estim\u00e9e":"7 minutes"},"schema":{"@context":"https:\/\/schema.org","@graph":[{"@type":"WebPage","@id":"https:\/\/anima-care.fr\/veterinaire\/mention-legale\/","url":"https:\/\/anima-care.fr\/veterinaire\/mention-legale\/","name":"Mentions l\u00e9gales - Anima Care Pro","isPartOf":{"@id":"https:\/\/anima-care.fr\/veterinaire\/#website"},"datePublished":"2023-02-05T16:43:05+00:00","dateModified":"2024-01-15T10:42:54+00:00","description":"L'acc\u00e8s et la consultation du site Internet sont soumis aux pr\u00e9sentes mentions l\u00e9gales, aux lois et r\u00e8glements applicables. \u2705 Anima Care","breadcrumb":{"@id":"https:\/\/anima-care.fr\/veterinaire\/mention-legale\/#breadcrumb"},"inLanguage":"fr-FR","potentialAction":[{"@type":"ReadAction","target":["https:\/\/anima-care.fr\/veterinaire\/mention-legale\/"]}]},{"@type":"BreadcrumbList","@id":"https:\/\/anima-care.fr\/veterinaire\/mention-legale\/#breadcrumb","itemListElement":[{"@type":"ListItem","position":1,"name":"Home","item":"https:\/\/anima-care.fr\/veterinaire"},{"@type":"ListItem","position":2,"name":"Mentions l\u00e9gales"}]},{"@type":"WebSite","@id":"https:\/\/anima-care.fr\/veterinaire\/#website","url":"https:\/\/anima-care.fr\/veterinaire\/","name":"Anima Care Pro","description":"","publisher":{"@id":"https:\/\/anima-care.fr\/veterinaire\/#organization"},"potentialAction":[{"@type":"SearchAction","target":{"@type":"EntryPoint","urlTemplate":"https:\/\/anima-care.fr\/veterinaire\/?s={search_term_string}"},"query-input":"required name=search_term_string"}],"inLanguage":"fr-FR"},{"@type":"Organization","@id":"https:\/\/anima-care.fr\/veterinaire\/#organization","name":"Anima Care Pro","url":"https:\/\/anima-care.fr\/veterinaire\/","logo":{"@type":"ImageObject","inLanguage":"fr-FR","@id":"https:\/\/anima-care.fr\/veterinaire\/#\/schema\/logo\/image\/","url":"https:\/\/anima-care.fr\/app\/uploads\/sites\/2\/2023\/07\/logo-animacare.svg","contentUrl":"https:\/\/anima-care.fr\/app\/uploads\/sites\/2\/2023\/07\/logo-animacare.svg","width":235,"height":99,"caption":"Anima Care Pro"},"image":{"@id":"https:\/\/anima-care.fr\/veterinaire\/#\/schema\/logo\/image\/"}}]}},"_links":{"self":[{"href":"https:\/\/anima-care.fr\/veterinaire\/wp-json\/wp\/v2\/pages\/4606"}],"collection":[{"href":"https:\/\/anima-care.fr\/veterinaire\/wp-json\/wp\/v2\/pages"}],"about":[{"href":"https:\/\/anima-care.fr\/veterinaire\/wp-json\/wp\/v2\/types\/page"}],"author":[{"embeddable":true,"href":"https:\/\/anima-care.fr\/veterinaire\/wp-json\/wp\/v2\/users\/1"}],"replies":[{"embeddable":true,"href":"https:\/\/anima-care.fr\/veterinaire\/wp-json\/wp\/v2\/comments?post=4606"}],"version-history":[{"count":2,"href":"https:\/\/anima-care.fr\/veterinaire\/wp-json\/wp\/v2\/pages\/4606\/revisions"}],"predecessor-version":[{"id":8234,"href":"https:\/\/anima-care.fr\/veterinaire\/wp-json\/wp\/v2\/pages\/4606\/revisions\/8234"}],"wp:attachment":[{"href":"https:\/\/anima-care.fr\/veterinaire\/wp-json\/wp\/v2\/media?parent=4606"}],"curies":[{"name":"wp","href":"https:\/\/api.w.org\/{rel}","templated":true}]}}