{"id":4611,"date":"2023-02-05T17:47:55","date_gmt":"2023-02-05T16:47:55","guid":{"rendered":"https:\/\/anima-care.fr\/?page_id=4611"},"modified":"2024-11-19T11:22:39","modified_gmt":"2024-11-19T10:22:39","slug":"politique-de-confidentialite","status":"publish","type":"page","link":"https:\/\/anima-care.fr\/veterinaire\/politique-de-confidentialite\/","title":{"rendered":"Politique de confidentialit\u00e9"},"content":{"rendered":"    <section class=\"\" title=\"\">\n        <div class=\"header--paralax\">\n            <div class=\"banner__container\">\n                <div class=\"banner__container--information\">\n                                                        <\/div>\n                <div class=\"d-none d-sm-block\">\n                    <svg width=\"1440\" height=\"540\" viewBox=\"0 0 1440 540\" fill=\"none\" xmlns=\"http:\/\/www.w3.org\/2000\/svg\"\n                         style=\"height: 100%; width: 100%;\">\n                        <path d=\"M1440 237.182V495.643C1419.98 484.699 1398.98 474.428 1376.89 464.99C1173.35 377.98 924.631 380.781 637.646 473.307C341.312 568.858 139.894 538.501 31.6642 522.222C20.4534 520.543 9.75398 519.117 0 518.017V0H1440V237.182Z\"\n                              fill=\"url(#breadcrumb)\"\/>\n                        <defs>\n                            <pattern id=\"breadcrumb\" patternUnits=\"userSpaceOnUse\" width=\"100%\" height=\"100%\">\n                                <image href=\"https:\/\/anima-care.fr\/app\/uploads\/sites\/2\/2023\/01\/Vector-2-2-1440x540.png\"\n                                       x=\"0\"\n                                       y=\"0\" width=\"100%\" height=\"100%\"\/>\n                            <\/pattern>\n                        <\/defs>\n                    <\/svg>\n                <\/div>\n                <div class=\"d-sm-none\">\n                    <svg width=\"320\" height=\"258\" viewBox=\"0 0 320 258\" fill=\"none\" xmlns=\"http:\/\/www.w3.org\/2000\/svg\"\n                         style=\"height: 100%; width: 100%;\">\n                        <defs>\n                            <pattern id=\"img1\" patternUnits=\"userSpaceOnUse\" width=\"100%\" height=\"100%\">\n                                <image href=\"https:\/\/anima-care.fr\/app\/uploads\/sites\/2\/2023\/01\/Vector-2-2-640x516.png\"\n                                       x=\"0\" y=\"0\" width=\"100%\" height=\"100%\"\/>\n                            <\/pattern>\n                        <\/defs>\n                        <path d=\"M320 196.892V249.049C315.551 246.84 310.884 244.768 305.976 242.863C260.745 225.305 205.474 225.87 141.699 244.541C75.8471 263.823 31.0875 257.697 7.0365 254.412C4.54521 254.074 2.16755 253.786 0 253.564V0H320V196.892Z\"\n                              fill=\"url(#img1)\"\/>\n                    <\/svg>\n                <\/div>\n                <section class=\"breadcrumb__container breadcrumb__mobile\"><div class=\"breadcrumb\" aria-label=\"Breadcrumb\"><i class=\"fa-duotone fa-inverse fa-house-blank\"><\/i><\/ol><\/section>            <\/div>\n        <\/div>\n    <\/section> \n\n<section class=\"hide__mobile-header breadcrumb__container\"><div class=\"breadcrumb\" aria-label=\"Breadcrumb\"><i class=\"fa-duotone fa-inverse fa-house-blank\"><\/i><\/ol><\/section>\n\n\n<section class=\"wrapper--xs\" aria-label=\"Politique de confidentialit\u00e9 et gestion des cookies\"><div class=\"container mention\"><div class=\"mention__back-icon\"><a href=\"\/\"><i class=\"fa-solid fa-circle-chevron-left\"><\/i><span>Retour<\/span><\/a><\/div><h1 class=\"heading--l1 mention__title\">Politique de confidentialit\u00e9 et gestion des cookies<\/h1><h2 class=\"heading--l3 mention__subtitle\">La pr\u00e9sente politique de confidentialit\u00e9 des donn\u00e9es personnelles et de gestion des cookies s\u2019applique \u00e0 toute utilisation du site internet www.anima-care.fr (le \u00ab Site \u00bb). La politique relative aux donn\u00e9es personnelles trait\u00e9es dans le cadre des achats de biens et de services effectu\u00e9s sur le Site figure dans les conditions g\u00e9n\u00e9rales de vente et de service applicables auxdits achats (cf. CGVS particuliers et CGVS professionnels ). <\/h2><h2><\/h2><div class=\"js-accordion\" data-focus=\"true\">\n<div class=\"mention__container-child\"><h2 class=\"heading--pipe mention__child-title\">Gestion des donn\u00e9es personnelles<\/h2><h3 class=\"heading--pipe mention__child-subtitle\"><\/h3><div><p class=\"mention__child-content\">Veuillez noter que certains renseignements sont obligatoires et n\u00e9cessaires au traitement de votre d\u00e9marche. L&rsquo;absence de r\u00e9ponse \u00e0 un champ obligatoire est susceptible de compromettre le bon suivi de votre dossier. <br>Les informations personnelles communiqu\u00e9es sont enregistr\u00e9es dans un fichier informatis\u00e9 par FUNECAP HOLDING.  <br>Nous ne traiterons ou n&rsquo;utiliserons vos donn\u00e9es que dans la mesure o\u00f9 cela est n\u00e9cessaire pour vous contacter, assurer le traitement de vos demandes, cr\u00e9er et g\u00e9rer votre profil utilisateur, cr\u00e9er et g\u00e9rer votre acc\u00e8s \u00e0 nos services en ligne, vous proposer des offres compl\u00e9mentaires ou r\u00e9aliser des \u00e9tudes statistiques ou des enqu\u00eates de satisfaction. La base l\u00e9gale du traitement est le contrat (pour les commandes effectu\u00e9es sur le site ou via l\u2019Espace Client) et l\u2019int\u00e9r\u00eat l\u00e9gitime concernant les autres finalit\u00e9s.Vos informations personnelles sont conserv\u00e9es pendant une dur\u00e9e qui ne saurait exc\u00e9der 3 ans \u00e0 compter de la fin des prestations ou de votre derni\u00e8re prise de contact sauf si : <br>Vous exercez votre droit de suppression des donn\u00e9es vous concernant, dans les conditions d\u00e9crites ci-apr\u00e8s ; <br>Une dur\u00e9e de conservation plus longue est autoris\u00e9e ou impos\u00e9e en vertu d&rsquo;une obligation l\u00e9gale ou r\u00e8glementaire. <br>Pendant cette p\u00e9riode, nous mettons en place tous moyens aptes \u00e0 assurer la confidentialit\u00e9 et la s\u00e9curit\u00e9 de vos donn\u00e9es personnelles, de mani\u00e8re \u00e0 emp\u00eacher leur endommagement, effacement ou acc\u00e8s par des tiers non autoris\u00e9s. <br>L&rsquo;acc\u00e8s \u00e0 vos donn\u00e9es personnelles est strictement limit\u00e9 \u00e0 notre personnel et, le cas \u00e9ch\u00e9ant, \u00e0 nos sous-traitants. <br>Les sous-traitants en question sont soumis \u00e0 une obligation de confidentialit\u00e9 et ne peuvent utiliser vos donn\u00e9es qu&rsquo;en conformit\u00e9 avec nos dispositions contractuelles et la l\u00e9gislation applicable. <br>En dehors des cas \u00e9nonc\u00e9s ci-dessus, nous nous engageons \u00e0 ne pas vendre, louer, c\u00e9der ni donner acc\u00e8s \u00e0 des tiers \u00e0 vos donn\u00e9es sans votre consentement pr\u00e9alable, \u00e0 moins d&rsquo;y \u00eatre contraints en raison d&rsquo;un motif l\u00e9gitime (obligation l\u00e9gale, lutte contre la fraude ou l&rsquo;abus, exercice des droits de la d\u00e9fense, etc.).Conform\u00e9ment \u00e0 la loi \u00ab informatique et libert\u00e9s \u00bb du 6 janvier 1978 modifi\u00e9e et au R\u00e8glement europ\u00e9en n\u00b02016\/679\/UE du 27 avril 2016, vous b\u00e9n\u00e9ficiez d&rsquo;un droit d&rsquo;acc\u00e8s, de rectification, de portabilit\u00e9 et d&rsquo;effacement de vos donn\u00e9es ou encore de limitation du traitement. Vous pouvez \u00e9galement, pour des motifs l\u00e9gitimes, vous opposer au traitement des donn\u00e9es vous concernant.  <br>Vous pouvez, sous r\u00e9serve de la production d&rsquo;un justificatif d&rsquo;identit\u00e9 valide, exercer vos droits en contactant Funecap \u2013 donn\u00e9es personnelles \u2013 17 rue de l\u2019Arriv\u00e9e 75015 PARIS, <a href=\"mailto:donnees-personnelles@funecap.com\">donnees-personnelles@funecap.com <\/a>.  <br>Si vous ne souhaitez pas\/plus recevoir nos actualit\u00e9s et sollicitations (par t\u00e9l\u00e9phone, SMS, courrier postal ou \u00e9lectronique) et invitations, vous avez la facult\u00e9 de nous l&rsquo;indiquer en nous contactant dans les conditions \u00e9voqu\u00e9es ci-dessus. Si vous disposez d\u2019un Espace Client, vous pouvez y indiquer que vous ne souhaitez pas recevoir de sollicitations commerciales. <br>Nous vous informons que vous pouvez d\u00e9finir des directives relatives au sort de vos donn\u00e9es \u00e0 caract\u00e8re personnel apr\u00e8s votre d\u00e9c\u00e8s, de mani\u00e8re g\u00e9n\u00e9rale ou particuli\u00e8re, dans les conditions d\u00e9finies \u00e0 l\u2019article 85 de la Loi n\u00b078-17 du 6 janvier 1978. Les directives g\u00e9n\u00e9rales peuvent \u00eatre enregistr\u00e9es aupr\u00e8s d\u2019un tiers de confiance num\u00e9rique certifi\u00e9 par la Commission Nationale de l\u2019Informatique et des Libert\u00e9s. Les directives particuli\u00e8res concernant le pr\u00e9sent traitement doivent \u00eatre enregistr\u00e9es \u00e0 l\u2019adresse <a href=\"mailto:donnees-personnelles@funecap.com\">donnees-personnelles@funecap.com <\/a>. Ces directives \u00e0 tout moment et vous pouvez d\u00e9signer une personne charg\u00e9e de leur ex\u00e9cution.<br>Pour toute information compl\u00e9mentaire ou r\u00e9clamation, vous pouvez contacter la Commission Nationale de l&rsquo;Informatique et des Libert\u00e9s (plus d&rsquo;informations sur <a href=\"www.cnil.fr\">www.cnil.fr <\/a>). <br>Enfin, nous vous informons de l&rsquo;existence de la liste d&rsquo;opposition au d\u00e9marchage t\u00e9l\u00e9phonique \u00ab Bloctel \u00bb, sur laquelle vous pouvez vous inscrire <a href=\"https:\/\/conso.bloctel.fr\/\">(https:\/\/conso.bloctel.fr\/) <\/a>. <br><\/p><\/div><\/div>\n\n\n\n<div class=\"mention__container-child\"><h2 class=\"heading--pipe mention__child-title\">Gestion des cookies<\/h2><h3 class=\"heading--pipe mention__child-subtitle\">Acceptation des cookies \u2013 modification des choix et retrait du consentement<\/h3><div><p class=\"mention__child-content\">Lors de votre visite sur notre site, vous \u00eates inform\u00e9s de la possibilit\u00e9 de d\u00e9p\u00f4t de cookies ou \u00e9quivalent sur votre terminal par le bandeau d\u2019information qui renvoie vers la pr\u00e9sente notice d\u2019information et invit\u00e9 \u00e0 param\u00e9trer vos choix quant \u00e0 votre acceptation ou votre refus de tout ou partie des cookies. <br>Vous pouvez modifier ces choix et en particulier retirer un consentement que vous auriez donn\u00e9 \u00e0 tout moment en cliquant sur le bouton ci-dessous.<br>Vous \u00eates pr\u00e9sum\u00e9 avoir refus\u00e9 votre accord sur le d\u00e9p\u00f4t de cookies sur votre terminal et la collecte de donn\u00e9es via ces traceurs en poursuivant votre navigation sur le site.<br>Lorsque vous acceptez les cookies, les cookies int\u00e9gr\u00e9s dans les pages pourront \u00eatre stock\u00e9s temporairement dans un espace d\u00e9di\u00e9 de votre terminal et y seront lisibles uniquement pas l\u2019\u00e9metteur desdits cookies. <br><\/p><\/div><\/div>\n\n\n\n<div class=\"mention__container-child\"><h2 class=\"heading--pipe mention__child-title\"><\/h2><h3 class=\"heading--pipe mention__child-subtitle\">Liste des responsables de traitement sur les cookies autres que FUNECAP HOLDING<\/h3><div><p class=\"mention__child-content\">Les cookies des r\u00e9seaux sociaux et moteurs de recherche visent \u00e0 permettre aux r\u00e9seaux sociaux et moteurs de recherche de cibler l&rsquo;offre publicitaire qu&rsquo;ils diffusent sur leurs plateformes et \u00e0 l\u2019utilisateur d\u2019utiliser les outils de partage des r\u00e9seaux sociaux.Pour plus d&rsquo;information sur l&rsquo;utilisation qui est faite de vos donn\u00e9es personnelles dans ce cadre, nous vous invitons \u00e0 consulter les politiques de confidentialit\u00e9 des plateformes concern\u00e9es, qui assurent directement la gestion de leurs cookies : <br>\u2022 Facebook \u2013 Whatsapp <br>\u2022 Twitter <br>\u2022 LinkedIn <br>\u2022 Google <br>\u2022 Bing <br><\/p><\/div><a href=\"javascript:Didomi.preferences.show()\">G\u00e9rer les cookies<\/a>\n <\/div>\n<\/div><a href=\"#\" id=\"\" class=\"btn--primary-hot\">G\u00e9rer les cookies<i class=\"fa-solid fa-cookie-bite cookies_icon\"><\/i><\/a><\/div><\/section>\n\n\n\n<script>\n    document.addEventListener('DOMContentLoaded', function () {\n        document.querySelector('.btn--primary-hot').setAttribute('href', 'javascript:Didomi.preferences.show()');\n    });\n    \n    const cookieLink = document.querySelector('a[href=\"javascript:Didomi.preferences.show()\"]');\n\n    if (cookieLink) {\n        cookieLink.style.display = 'none'; \/\/ Masquer le lien\n    }\n<\/script>\n\n","protected":false},"excerpt":{"rendered":"","protected":false},"author":1,"featured_media":0,"parent":0,"menu_order":0,"comment_status":"closed","ping_status":"closed","template":"","meta":[],"acf":[],"yoast_head":"<!-- This site is optimized with the Yoast SEO plugin v20.12 - https:\/\/yoast.com\/wordpress\/plugins\/seo\/ -->\n<title>Politique de confidentialit\u00e9 - Anima Care Pro<\/title>\n<meta name=\"description\" content=\"S&#039;informer sur la politique de confidentialit\u00e9 des donn\u00e9es personnelles et de gestion des cookies du site Internet. \u2705 Anima Care\" \/>\n<meta name=\"robots\" content=\"index, follow, max-snippet:-1, max-image-preview:large, max-video-preview:-1\" \/>\n<link rel=\"canonical\" href=\"https:\/\/anima-care.fr\/veterinaire\/politique-de-confidentialite\/\" \/>\n<meta property=\"og:locale\" content=\"fr_FR\" \/>\n<meta property=\"og:type\" content=\"article\" \/>\n<meta property=\"og:title\" content=\"Politique de confidentialit\u00e9 - Anima Care Pro\" \/>\n<meta property=\"og:description\" content=\"S&#039;informer sur la politique de confidentialit\u00e9 des donn\u00e9es personnelles et de gestion des cookies du site Internet. \u2705 Anima Care\" \/>\n<meta property=\"og:url\" content=\"https:\/\/anima-care.fr\/veterinaire\/politique-de-confidentialite\/\" \/>\n<meta property=\"og:site_name\" content=\"Anima Care Pro\" \/>\n<meta property=\"article:modified_time\" content=\"2024-11-19T10:22:39+00:00\" \/>\n<meta name=\"twitter:card\" content=\"summary_large_image\" \/>\n<meta name=\"twitter:label1\" content=\"Dur\u00e9e de lecture estim\u00e9e\" \/>\n\t<meta name=\"twitter:data1\" content=\"5 minutes\" \/>\n<script type=\"application\/ld+json\" class=\"yoast-schema-graph\">{\"@context\":\"https:\/\/schema.org\",\"@graph\":[{\"@type\":\"WebPage\",\"@id\":\"https:\/\/anima-care.fr\/veterinaire\/politique-de-confidentialite\/\",\"url\":\"https:\/\/anima-care.fr\/veterinaire\/politique-de-confidentialite\/\",\"name\":\"Politique de confidentialit\u00e9 - Anima Care Pro\",\"isPartOf\":{\"@id\":\"https:\/\/anima-care.fr\/veterinaire\/#website\"},\"datePublished\":\"2023-02-05T16:47:55+00:00\",\"dateModified\":\"2024-11-19T10:22:39+00:00\",\"description\":\"S'informer sur la politique de confidentialit\u00e9 des donn\u00e9es personnelles et de gestion des cookies du site Internet. \u2705 Anima Care\",\"breadcrumb\":{\"@id\":\"https:\/\/anima-care.fr\/veterinaire\/politique-de-confidentialite\/#breadcrumb\"},\"inLanguage\":\"fr-FR\",\"potentialAction\":[{\"@type\":\"ReadAction\",\"target\":[\"https:\/\/anima-care.fr\/veterinaire\/politique-de-confidentialite\/\"]}]},{\"@type\":\"BreadcrumbList\",\"@id\":\"https:\/\/anima-care.fr\/veterinaire\/politique-de-confidentialite\/#breadcrumb\",\"itemListElement\":[{\"@type\":\"ListItem\",\"position\":1,\"name\":\"Home\",\"item\":\"https:\/\/anima-care.fr\/veterinaire\"},{\"@type\":\"ListItem\",\"position\":2,\"name\":\"Politique de confidentialit\u00e9\"}]},{\"@type\":\"WebSite\",\"@id\":\"https:\/\/anima-care.fr\/veterinaire\/#website\",\"url\":\"https:\/\/anima-care.fr\/veterinaire\/\",\"name\":\"Anima Care Pro\",\"description\":\"\",\"publisher\":{\"@id\":\"https:\/\/anima-care.fr\/veterinaire\/#organization\"},\"potentialAction\":[{\"@type\":\"SearchAction\",\"target\":{\"@type\":\"EntryPoint\",\"urlTemplate\":\"https:\/\/anima-care.fr\/veterinaire\/?s={search_term_string}\"},\"query-input\":\"required name=search_term_string\"}],\"inLanguage\":\"fr-FR\"},{\"@type\":\"Organization\",\"@id\":\"https:\/\/anima-care.fr\/veterinaire\/#organization\",\"name\":\"Anima Care Pro\",\"url\":\"https:\/\/anima-care.fr\/veterinaire\/\",\"logo\":{\"@type\":\"ImageObject\",\"inLanguage\":\"fr-FR\",\"@id\":\"https:\/\/anima-care.fr\/veterinaire\/#\/schema\/logo\/image\/\",\"url\":\"https:\/\/anima-care.fr\/app\/uploads\/sites\/2\/2023\/07\/logo-animacare.svg\",\"contentUrl\":\"https:\/\/anima-care.fr\/app\/uploads\/sites\/2\/2023\/07\/logo-animacare.svg\",\"width\":235,\"height\":99,\"caption\":\"Anima Care Pro\"},\"image\":{\"@id\":\"https:\/\/anima-care.fr\/veterinaire\/#\/schema\/logo\/image\/\"}}]}<\/script>\n<!-- \/ Yoast SEO plugin. -->","yoast_head_json":{"title":"Politique de confidentialit\u00e9 - Anima Care Pro","description":"S'informer sur la politique de confidentialit\u00e9 des donn\u00e9es personnelles et de gestion des cookies du site Internet. \u2705 Anima Care","robots":{"index":"index","follow":"follow","max-snippet":"max-snippet:-1","max-image-preview":"max-image-preview:large","max-video-preview":"max-video-preview:-1"},"canonical":"https:\/\/anima-care.fr\/veterinaire\/politique-de-confidentialite\/","og_locale":"fr_FR","og_type":"article","og_title":"Politique de confidentialit\u00e9 - Anima Care Pro","og_description":"S'informer sur la politique de confidentialit\u00e9 des donn\u00e9es personnelles et de gestion des cookies du site Internet. \u2705 Anima Care","og_url":"https:\/\/anima-care.fr\/veterinaire\/politique-de-confidentialite\/","og_site_name":"Anima Care Pro","article_modified_time":"2024-11-19T10:22:39+00:00","twitter_card":"summary_large_image","twitter_misc":{"Dur\u00e9e de lecture estim\u00e9e":"5 minutes"},"schema":{"@context":"https:\/\/schema.org","@graph":[{"@type":"WebPage","@id":"https:\/\/anima-care.fr\/veterinaire\/politique-de-confidentialite\/","url":"https:\/\/anima-care.fr\/veterinaire\/politique-de-confidentialite\/","name":"Politique de confidentialit\u00e9 - Anima Care Pro","isPartOf":{"@id":"https:\/\/anima-care.fr\/veterinaire\/#website"},"datePublished":"2023-02-05T16:47:55+00:00","dateModified":"2024-11-19T10:22:39+00:00","description":"S'informer sur la politique de confidentialit\u00e9 des donn\u00e9es personnelles et de gestion des cookies du site Internet. \u2705 Anima Care","breadcrumb":{"@id":"https:\/\/anima-care.fr\/veterinaire\/politique-de-confidentialite\/#breadcrumb"},"inLanguage":"fr-FR","potentialAction":[{"@type":"ReadAction","target":["https:\/\/anima-care.fr\/veterinaire\/politique-de-confidentialite\/"]}]},{"@type":"BreadcrumbList","@id":"https:\/\/anima-care.fr\/veterinaire\/politique-de-confidentialite\/#breadcrumb","itemListElement":[{"@type":"ListItem","position":1,"name":"Home","item":"https:\/\/anima-care.fr\/veterinaire"},{"@type":"ListItem","position":2,"name":"Politique de confidentialit\u00e9"}]},{"@type":"WebSite","@id":"https:\/\/anima-care.fr\/veterinaire\/#website","url":"https:\/\/anima-care.fr\/veterinaire\/","name":"Anima Care Pro","description":"","publisher":{"@id":"https:\/\/anima-care.fr\/veterinaire\/#organization"},"potentialAction":[{"@type":"SearchAction","target":{"@type":"EntryPoint","urlTemplate":"https:\/\/anima-care.fr\/veterinaire\/?s={search_term_string}"},"query-input":"required name=search_term_string"}],"inLanguage":"fr-FR"},{"@type":"Organization","@id":"https:\/\/anima-care.fr\/veterinaire\/#organization","name":"Anima Care Pro","url":"https:\/\/anima-care.fr\/veterinaire\/","logo":{"@type":"ImageObject","inLanguage":"fr-FR","@id":"https:\/\/anima-care.fr\/veterinaire\/#\/schema\/logo\/image\/","url":"https:\/\/anima-care.fr\/app\/uploads\/sites\/2\/2023\/07\/logo-animacare.svg","contentUrl":"https:\/\/anima-care.fr\/app\/uploads\/sites\/2\/2023\/07\/logo-animacare.svg","width":235,"height":99,"caption":"Anima Care Pro"},"image":{"@id":"https:\/\/anima-care.fr\/veterinaire\/#\/schema\/logo\/image\/"}}]}},"_links":{"self":[{"href":"https:\/\/anima-care.fr\/veterinaire\/wp-json\/wp\/v2\/pages\/4611"}],"collection":[{"href":"https:\/\/anima-care.fr\/veterinaire\/wp-json\/wp\/v2\/pages"}],"about":[{"href":"https:\/\/anima-care.fr\/veterinaire\/wp-json\/wp\/v2\/types\/page"}],"author":[{"embeddable":true,"href":"https:\/\/anima-care.fr\/veterinaire\/wp-json\/wp\/v2\/users\/1"}],"replies":[{"embeddable":true,"href":"https:\/\/anima-care.fr\/veterinaire\/wp-json\/wp\/v2\/comments?post=4611"}],"version-history":[{"count":7,"href":"https:\/\/anima-care.fr\/veterinaire\/wp-json\/wp\/v2\/pages\/4611\/revisions"}],"predecessor-version":[{"id":8424,"href":"https:\/\/anima-care.fr\/veterinaire\/wp-json\/wp\/v2\/pages\/4611\/revisions\/8424"}],"wp:attachment":[{"href":"https:\/\/anima-care.fr\/veterinaire\/wp-json\/wp\/v2\/media?parent=4611"}],"curies":[{"name":"wp","href":"https:\/\/api.w.org\/{rel}","templated":true}]}}