{"id":706,"date":"2023-01-11T07:56:59","date_gmt":"2023-01-11T07:56:59","guid":{"rendered":"https:\/\/anima-care.fr\/?page_id=706"},"modified":"2023-10-31T16:31:47","modified_gmt":"2023-10-31T15:31:47","slug":"contact","status":"publish","type":"page","link":"https:\/\/anima-care.fr\/veterinaire\/contact\/","title":{"rendered":"Contact"},"content":{"rendered":"","protected":false},"excerpt":{"rendered":"","protected":false},"author":1,"featured_media":1560,"parent":0,"menu_order":0,"comment_status":"closed","ping_status":"closed","template":"page-templates\/page-contact.php","meta":[],"acf":{"sca_contact_title":"Contacter un conseiller Anima Care","sca_contact_subtitle":"Pour obtenir un renseignement compl\u00e9mentaire, faire part d\u2019une suggestion ou pour tout autre demande, les conseillers Anima Care ont besoin de quelques informations pr\u00e9alables.","sca_contact_subjects":"Je souhaite des renseignements sur le partenariat v\u00e9t\u00e9rinaire\r\nJe suis partenaire et j'ai une question\r\nJe souhaite des renseignements sur le programme de formation\r\nJ\u2019ai un probl\u00e8me pour me connecter \u00e0 mon portail\u00a0\r\nAutre","sca_contact_animals":"Chien\r\nChat\r\nFuret\r\nLapin\r\nCochon d'inde\r\nHamster\r\nRat\r\nSouris\r\nOctodon\r\nGerbille\r\nChinchilla\r\nTortue\r\nCh\u00e8vre\r\nPoisson\r\nSerpent\r\nL\u00e9zard\r\nOiseaux\r\nAutres NAC","sca_contact_functions":"V\u00e9t\u00e9rinaire\r\nASV\r\nPresse\r\nAutre"},"yoast_head":"<!-- This site is optimized with the Yoast SEO plugin v20.12 - https:\/\/yoast.com\/wordpress\/plugins\/seo\/ -->\n<title>Contacter un conseiller \u2013 Demande d&#039;information \u2013 Anima Care<\/title>\n<meta name=\"description\" content=\"Contacter un conseiller Anima Care : les \u00e9quipes se tiennent \u00e0 la disposition des \u00e9tablissements v\u00e9t\u00e9rinaires \u2705 Anima Care\" \/>\n<meta name=\"robots\" content=\"index, follow, max-snippet:-1, max-image-preview:large, max-video-preview:-1\" \/>\n<link rel=\"canonical\" href=\"https:\/\/anima-care.fr\/veterinaire\/contact\/\" \/>\n<meta property=\"og:locale\" content=\"fr_FR\" \/>\n<meta property=\"og:type\" content=\"article\" \/>\n<meta property=\"og:title\" content=\"Contacter un conseiller \u2013 Demande d&#039;information \u2013 Anima Care\" \/>\n<meta property=\"og:description\" content=\"Contacter un conseiller Anima Care : les \u00e9quipes se tiennent \u00e0 la disposition des \u00e9tablissements v\u00e9t\u00e9rinaires \u2705 Anima Care\" \/>\n<meta property=\"og:url\" content=\"https:\/\/anima-care.fr\/veterinaire\/contact\/\" \/>\n<meta property=\"og:site_name\" content=\"Anima Care Pro\" \/>\n<meta property=\"article:modified_time\" content=\"2023-10-31T15:31:47+00:00\" \/>\n<meta property=\"og:image\" content=\"https:\/\/anima-care.fr\/app\/uploads\/sites\/2\/2023\/01\/fille_chien_contact.jpg\" \/>\n\t<meta property=\"og:image:width\" content=\"1440\" \/>\n\t<meta property=\"og:image:height\" content=\"954\" \/>\n\t<meta property=\"og:image:type\" content=\"image\/jpeg\" \/>\n<meta name=\"twitter:card\" content=\"summary_large_image\" \/>\n<script type=\"application\/ld+json\" class=\"yoast-schema-graph\">{\"@context\":\"https:\/\/schema.org\",\"@graph\":[{\"@type\":\"WebPage\",\"@id\":\"https:\/\/anima-care.fr\/veterinaire\/contact\/\",\"url\":\"https:\/\/anima-care.fr\/veterinaire\/contact\/\",\"name\":\"Contacter un conseiller \u2013 Demande d'information \u2013 Anima Care\",\"isPartOf\":{\"@id\":\"https:\/\/anima-care.fr\/veterinaire\/#website\"},\"datePublished\":\"2023-01-11T07:56:59+00:00\",\"dateModified\":\"2023-10-31T15:31:47+00:00\",\"description\":\"Contacter un conseiller Anima Care : les \u00e9quipes se tiennent \u00e0 la disposition des \u00e9tablissements v\u00e9t\u00e9rinaires \u2705 Anima Care\",\"breadcrumb\":{\"@id\":\"https:\/\/anima-care.fr\/veterinaire\/contact\/#breadcrumb\"},\"inLanguage\":\"fr-FR\",\"potentialAction\":[{\"@type\":\"ReadAction\",\"target\":[\"https:\/\/anima-care.fr\/veterinaire\/contact\/\"]}]},{\"@type\":\"BreadcrumbList\",\"@id\":\"https:\/\/anima-care.fr\/veterinaire\/contact\/#breadcrumb\",\"itemListElement\":[{\"@type\":\"ListItem\",\"position\":1,\"name\":\"Home\",\"item\":\"https:\/\/anima-care.fr\/veterinaire\"},{\"@type\":\"ListItem\",\"position\":2,\"name\":\"Contact\"}]},{\"@type\":\"WebSite\",\"@id\":\"https:\/\/anima-care.fr\/veterinaire\/#website\",\"url\":\"https:\/\/anima-care.fr\/veterinaire\/\",\"name\":\"Anima Care Pro\",\"description\":\"\",\"publisher\":{\"@id\":\"https:\/\/anima-care.fr\/veterinaire\/#organization\"},\"potentialAction\":[{\"@type\":\"SearchAction\",\"target\":{\"@type\":\"EntryPoint\",\"urlTemplate\":\"https:\/\/anima-care.fr\/veterinaire\/?s={search_term_string}\"},\"query-input\":\"required name=search_term_string\"}],\"inLanguage\":\"fr-FR\"},{\"@type\":\"Organization\",\"@id\":\"https:\/\/anima-care.fr\/veterinaire\/#organization\",\"name\":\"Anima Care Pro\",\"url\":\"https:\/\/anima-care.fr\/veterinaire\/\",\"logo\":{\"@type\":\"ImageObject\",\"inLanguage\":\"fr-FR\",\"@id\":\"https:\/\/anima-care.fr\/veterinaire\/#\/schema\/logo\/image\/\",\"url\":\"https:\/\/anima-care.fr\/app\/uploads\/sites\/2\/2023\/07\/logo-animacare.svg\",\"contentUrl\":\"https:\/\/anima-care.fr\/app\/uploads\/sites\/2\/2023\/07\/logo-animacare.svg\",\"width\":235,\"height\":99,\"caption\":\"Anima Care Pro\"},\"image\":{\"@id\":\"https:\/\/anima-care.fr\/veterinaire\/#\/schema\/logo\/image\/\"}}]}<\/script>\n<!-- \/ Yoast SEO plugin. -->","yoast_head_json":{"title":"Contacter un conseiller \u2013 Demande d'information \u2013 Anima Care","description":"Contacter un conseiller Anima Care : les \u00e9quipes se tiennent \u00e0 la disposition des \u00e9tablissements v\u00e9t\u00e9rinaires \u2705 Anima Care","robots":{"index":"index","follow":"follow","max-snippet":"max-snippet:-1","max-image-preview":"max-image-preview:large","max-video-preview":"max-video-preview:-1"},"canonical":"https:\/\/anima-care.fr\/veterinaire\/contact\/","og_locale":"fr_FR","og_type":"article","og_title":"Contacter un conseiller \u2013 Demande d'information \u2013 Anima Care","og_description":"Contacter un conseiller Anima Care : les \u00e9quipes se tiennent \u00e0 la disposition des \u00e9tablissements v\u00e9t\u00e9rinaires \u2705 Anima Care","og_url":"https:\/\/anima-care.fr\/veterinaire\/contact\/","og_site_name":"Anima Care Pro","article_modified_time":"2023-10-31T15:31:47+00:00","og_image":[{"width":1440,"height":954,"url":"https:\/\/anima-care.fr\/app\/uploads\/sites\/2\/2023\/01\/fille_chien_contact.jpg","type":"image\/jpeg"}],"twitter_card":"summary_large_image","schema":{"@context":"https:\/\/schema.org","@graph":[{"@type":"WebPage","@id":"https:\/\/anima-care.fr\/veterinaire\/contact\/","url":"https:\/\/anima-care.fr\/veterinaire\/contact\/","name":"Contacter un conseiller \u2013 Demande d'information \u2013 Anima Care","isPartOf":{"@id":"https:\/\/anima-care.fr\/veterinaire\/#website"},"datePublished":"2023-01-11T07:56:59+00:00","dateModified":"2023-10-31T15:31:47+00:00","description":"Contacter un conseiller Anima Care : les \u00e9quipes se tiennent \u00e0 la disposition des \u00e9tablissements v\u00e9t\u00e9rinaires \u2705 Anima Care","breadcrumb":{"@id":"https:\/\/anima-care.fr\/veterinaire\/contact\/#breadcrumb"},"inLanguage":"fr-FR","potentialAction":[{"@type":"ReadAction","target":["https:\/\/anima-care.fr\/veterinaire\/contact\/"]}]},{"@type":"BreadcrumbList","@id":"https:\/\/anima-care.fr\/veterinaire\/contact\/#breadcrumb","itemListElement":[{"@type":"ListItem","position":1,"name":"Home","item":"https:\/\/anima-care.fr\/veterinaire"},{"@type":"ListItem","position":2,"name":"Contact"}]},{"@type":"WebSite","@id":"https:\/\/anima-care.fr\/veterinaire\/#website","url":"https:\/\/anima-care.fr\/veterinaire\/","name":"Anima Care Pro","description":"","publisher":{"@id":"https:\/\/anima-care.fr\/veterinaire\/#organization"},"potentialAction":[{"@type":"SearchAction","target":{"@type":"EntryPoint","urlTemplate":"https:\/\/anima-care.fr\/veterinaire\/?s={search_term_string}"},"query-input":"required name=search_term_string"}],"inLanguage":"fr-FR"},{"@type":"Organization","@id":"https:\/\/anima-care.fr\/veterinaire\/#organization","name":"Anima Care Pro","url":"https:\/\/anima-care.fr\/veterinaire\/","logo":{"@type":"ImageObject","inLanguage":"fr-FR","@id":"https:\/\/anima-care.fr\/veterinaire\/#\/schema\/logo\/image\/","url":"https:\/\/anima-care.fr\/app\/uploads\/sites\/2\/2023\/07\/logo-animacare.svg","contentUrl":"https:\/\/anima-care.fr\/app\/uploads\/sites\/2\/2023\/07\/logo-animacare.svg","width":235,"height":99,"caption":"Anima Care Pro"},"image":{"@id":"https:\/\/anima-care.fr\/veterinaire\/#\/schema\/logo\/image\/"}}]}},"_links":{"self":[{"href":"https:\/\/anima-care.fr\/veterinaire\/wp-json\/wp\/v2\/pages\/706"}],"collection":[{"href":"https:\/\/anima-care.fr\/veterinaire\/wp-json\/wp\/v2\/pages"}],"about":[{"href":"https:\/\/anima-care.fr\/veterinaire\/wp-json\/wp\/v2\/types\/page"}],"author":[{"embeddable":true,"href":"https:\/\/anima-care.fr\/veterinaire\/wp-json\/wp\/v2\/users\/1"}],"replies":[{"embeddable":true,"href":"https:\/\/anima-care.fr\/veterinaire\/wp-json\/wp\/v2\/comments?post=706"}],"version-history":[{"count":4,"href":"https:\/\/anima-care.fr\/veterinaire\/wp-json\/wp\/v2\/pages\/706\/revisions"}],"predecessor-version":[{"id":8103,"href":"https:\/\/anima-care.fr\/veterinaire\/wp-json\/wp\/v2\/pages\/706\/revisions\/8103"}],"wp:featuredmedia":[{"embeddable":true,"href":"https:\/\/anima-care.fr\/veterinaire\/wp-json\/wp\/v2\/media\/1560"}],"wp:attachment":[{"href":"https:\/\/anima-care.fr\/veterinaire\/wp-json\/wp\/v2\/media?parent=706"}],"curies":[{"name":"wp","href":"https:\/\/api.w.org\/{rel}","templated":true}]}}